{"id":201,"date":"2018-10-23T07:33:09","date_gmt":"2018-10-23T07:33:09","guid":{"rendered":"https:\/\/woostify.com\/demos\/fashion1\/?page_id=201"},"modified":"2026-01-22T14:16:58","modified_gmt":"2026-01-22T17:16:58","slug":"contact","status":"publish","type":"page","link":"https:\/\/tuboxer.com\/tienda\/contact\/","title":{"rendered":"Contact"},"content":{"rendered":"\t\t<div data-elementor-type=\"wp-post\" data-elementor-id=\"201\" class=\"elementor elementor-201\" data-elementor-post-type=\"page\">\n\t\t\t\t<div data-particle_enable=\"false\" data-particle-mobile-disabled=\"false\" class=\"elementor-element elementor-element-7c93b72 e-con-full e-flex e-con e-parent\" data-id=\"7c93b72\" data-element_type=\"container\">\n\t\t<div data-particle_enable=\"false\" data-particle-mobile-disabled=\"false\" class=\"elementor-element elementor-element-01e760b e-con-full e-flex e-con e-child\" data-id=\"01e760b\" data-element_type=\"container\">\n\t\t\t\t<div class=\"elementor-element elementor-element-9cc635c elementor-widget elementor-widget-google_maps\" data-id=\"9cc635c\" data-element_type=\"widget\" data-widget_type=\"google_maps.default\">\n\t\t\t\t\t\t\t<div class=\"elementor-custom-embed\">\n\t\t\t<iframe loading=\"lazy\"\n\t\t\t\t\tsrc=\"https:\/\/maps.google.com\/maps?q=TUCUMAN%20536%2C%20GALERIA%20JARDIN&#038;t=m&#038;z=10&#038;output=embed&#038;iwloc=near\"\n\t\t\t\t\ttitle=\"TUCUMAN 536, GALERIA JARDIN\"\n\t\t\t\t\taria-label=\"TUCUMAN 536, GALERIA JARDIN\"\n\t\t\t><\/iframe>\n\t\t<\/div>\n\t\t\t\t\t\t<\/div>\n\t\t\t\t<\/div>\n\t\t\t\t<\/div>\n\t\t<div data-particle_enable=\"false\" data-particle-mobile-disabled=\"false\" class=\"elementor-element elementor-element-e1bfea3 e-flex e-con-boxed e-con e-parent\" data-id=\"e1bfea3\" data-element_type=\"container\">\n\t\t\t\t\t<div class=\"e-con-inner\">\n\t\t<div data-particle_enable=\"false\" data-particle-mobile-disabled=\"false\" class=\"elementor-element elementor-element-56d963d e-con-full e-flex e-con e-child\" data-id=\"56d963d\" data-element_type=\"container\">\n\t\t\t\t<div class=\"elementor-element elementor-element-11d3214 elementor-widget elementor-widget-spacer\" data-id=\"11d3214\" data-element_type=\"widget\" data-widget_type=\"spacer.default\">\n\t\t\t\t\t\t\t<div class=\"elementor-spacer\">\n\t\t\t<div class=\"elementor-spacer-inner\"><\/div>\n\t\t<\/div>\n\t\t\t\t\t\t<\/div>\n\t\t\t\t<div class=\"elementor-element elementor-element-e294f14 elementor-widget elementor-widget-heading\" data-id=\"e294f14\" data-element_type=\"widget\" data-widget_type=\"heading.default\">\n\t\t\t\t\t<h5 class=\"elementor-heading-title elementor-size-default\">Contacto<\/h5>\t\t\t\t<\/div>\n\t\t\t\t<div class=\"elementor-element elementor-element-208233a elementor-widget elementor-widget-text-editor\" data-id=\"208233a\" data-element_type=\"widget\" data-widget_type=\"text-editor.default\">\n\t\t\t\t\t\t\t\t\t<p>Para retiros en persona<br \/>de dep\u00f3sito unicamente<br \/>con cita previa<\/p>\t\t\t\t\t\t\t\t<\/div>\n\t\t\t\t<div class=\"elementor-element elementor-element-c57c540 elementor-widget elementor-widget-text-editor\" data-id=\"c57c540\" data-element_type=\"widget\" data-widget_type=\"text-editor.default\">\n\t\t\t\t\t\t\t\t\t<div class=\"woostify-contact-info\"><div class=\"contact-info-list\"><div class=\"contact-info-img\"><img decoding=\"async\" src=\"https:\/\/demo.woostify.com\/fashion1\/wp-content\/uploads\/sites\/27\/2018\/10\/contact-phone.jpg\" alt=\"contact-info-image\" \/><\/div><div class=\"contact-info-detail\"><p><label>solo whatsapp<\/label><\/p><h6>+54 1171998877<\/h6><\/div><\/div><div class=\"contact-info-list\"><div class=\"contact-info-img\"><img decoding=\"async\" src=\"https:\/\/demo.woostify.com\/fashion1\/wp-content\/uploads\/sites\/27\/2018\/10\/contact-address.jpg\" alt=\"contact-info-image\" \/><\/div><div class=\"contact-info-detail\"><p>UBICACI\u00d3N DEL DEP\u00d3SITO<\/p><h6>Galer\u00eda Jard\u00edn<\/h6><p>Tucuman 536 &#8211; CABA<br \/>Buenos Aires &#8211;\u00a0 Argentina<\/p><\/div><\/div><div class=\"contact-info-list\"><div class=\"contact-info-img\"><img decoding=\"async\" src=\"https:\/\/demo.woostify.com\/fashion1\/wp-content\/uploads\/sites\/27\/2018\/10\/contact-mail.jpg\" alt=\"contact-info-image\" \/><\/div><div class=\"contact-info-detail\"><p><label>Email<\/label><\/p><p><a href=\"mailto:atencionalcliente@tuboxer.com\">atencionalcliente@tuboxer.com<\/a><\/p><\/div><\/div><\/div>\t\t\t\t\t\t\t\t<\/div>\n\t\t\t\t<\/div>\n\t\t<div data-particle_enable=\"false\" data-particle-mobile-disabled=\"false\" class=\"elementor-element elementor-element-1a262bf e-con-full e-flex e-con e-child\" data-id=\"1a262bf\" data-element_type=\"container\">\n\t\t\t\t<div class=\"elementor-element elementor-element-ad814ae elementor-widget elementor-widget-spacer\" data-id=\"ad814ae\" data-element_type=\"widget\" data-widget_type=\"spacer.default\">\n\t\t\t\t\t\t\t<div class=\"elementor-spacer\">\n\t\t\t<div class=\"elementor-spacer-inner\"><\/div>\n\t\t<\/div>\n\t\t\t\t\t\t<\/div>\n\t\t\t\t<div class=\"elementor-element elementor-element-24080f2 elementor-widget elementor-widget-heading\" data-id=\"24080f2\" data-element_type=\"widget\" data-widget_type=\"heading.default\">\n\t\t\t\t\t<h5 class=\"elementor-heading-title elementor-size-default\">Env\u00edanos un mensaje<\/h5>\t\t\t\t<\/div>\n\t\t\t\t<div class=\"elementor-element elementor-element-ac792c4 elementor-widget elementor-widget-text-editor\" data-id=\"ac792c4\" data-element_type=\"widget\" data-widget_type=\"text-editor.default\">\n\t\t\t\t\t\t\t\t\t<p>Formulario de Contacto<\/p>\t\t\t\t\t\t\t\t<\/div>\n\t\t\t\t<div class=\"elementor-element elementor-element-51a9c5b elementor-widget elementor-widget-shortcode\" data-id=\"51a9c5b\" data-element_type=\"widget\" data-widget_type=\"shortcode.default\">\n\t\t\t\t\t\t\t<div class=\"elementor-shortcode\">\n<div class=\"wpcf7 no-js\" id=\"wpcf7-f213-o1\" lang=\"en-US\" dir=\"ltr\" data-wpcf7-id=\"213\">\n<div class=\"screen-reader-response\"><p role=\"status\" aria-live=\"polite\" aria-atomic=\"true\"><\/p> <ul><\/ul><\/div>\n<form action=\"\/tienda\/wp-json\/wp\/v2\/pages\/201#wpcf7-f213-o1\" method=\"post\" class=\"wpcf7-form init\" aria-label=\"Contact form\" novalidate=\"novalidate\" data-status=\"init\">\n<fieldset class=\"hidden-fields-container\"><input type=\"hidden\" name=\"_wpcf7\" value=\"213\" \/><input type=\"hidden\" name=\"_wpcf7_version\" value=\"6.1.4\" \/><input type=\"hidden\" name=\"_wpcf7_locale\" value=\"en_US\" \/><input type=\"hidden\" name=\"_wpcf7_unit_tag\" value=\"wpcf7-f213-o1\" \/><input type=\"hidden\" name=\"_wpcf7_container_post\" value=\"0\" \/><input type=\"hidden\" name=\"_wpcf7_posted_data_hash\" value=\"\" \/>\n<\/fieldset>\n<div class=\"woostify-contact-form\">\n\t<div class=\"row\">\n\t\t<div class=\"col-md-6\">\n\t\t\t<p><span class=\"wpcf7-form-control-wrap\" data-name=\"your-name\"><input size=\"40\" maxlength=\"400\" class=\"wpcf7-form-control wpcf7-text wpcf7-validates-as-required\" aria-required=\"true\" aria-invalid=\"false\" placeholder=\"Tu Nombre\" value=\"\" type=\"text\" name=\"your-name\" \/><\/span>\n\t\t\t<\/p>\n\t\t<\/div>\n\t\t<div class=\"col-md-6\">\n\t\t\t<p><span class=\"wpcf7-form-control-wrap\" data-name=\"your-email\"><input size=\"40\" maxlength=\"400\" class=\"wpcf7-form-control wpcf7-email wpcf7-validates-as-required wpcf7-text wpcf7-validates-as-email\" aria-required=\"true\" aria-invalid=\"false\" placeholder=\"Email\" value=\"\" type=\"email\" name=\"your-email\" \/><\/span>\n\t\t\t<\/p>\n\t\t<\/div>\n\t<\/div>\n\t<p><span class=\"wpcf7-form-control-wrap\" data-name=\"your-message\"><textarea cols=\"40\" rows=\"10\" maxlength=\"2000\" class=\"wpcf7-form-control wpcf7-textarea wpcf7-validates-as-required\" aria-required=\"true\" aria-invalid=\"false\" placeholder=\"Mensaje\" name=\"your-message\"><\/textarea><\/span><br \/>\n<input class=\"wpcf7-form-control wpcf7-submit has-spinner button\" type=\"submit\" value=\"Enviar\" \/>\n\t<\/p>\n<\/div><div class=\"wpcf7-response-output\" aria-hidden=\"true\"><\/div>\n<\/form>\n<\/div>\n<\/div>\n\t\t\t\t\t\t<\/div>\n\t\t\t\t<\/div>\n\t\t\t\t\t<\/div>\n\t\t\t\t<\/div>\n\t\t<div data-particle_enable=\"false\" data-particle-mobile-disabled=\"false\" class=\"elementor-element elementor-element-520acde e-flex e-con-boxed e-con e-parent\" data-id=\"520acde\" data-element_type=\"container\">\n\t\t\t\t\t<div class=\"e-con-inner\">\n\t\t<div data-particle_enable=\"false\" data-particle-mobile-disabled=\"false\" class=\"elementor-element elementor-element-6674381 e-con-full e-flex e-con e-child\" data-id=\"6674381\" data-element_type=\"container\">\n\t\t\t\t<div class=\"elementor-element elementor-element-45a7a6e elementor-widget elementor-widget-spacer\" data-id=\"45a7a6e\" data-element_type=\"widget\" data-widget_type=\"spacer.default\">\n\t\t\t\t\t\t\t<div class=\"elementor-spacer\">\n\t\t\t<div class=\"elementor-spacer-inner\"><\/div>\n\t\t<\/div>\n\t\t\t\t\t\t<\/div>\n\t\t\t\t<\/div>\n\t\t\t\t\t<\/div>\n\t\t\t\t<\/div>\n\t\t\t\t<\/div>\n\t\t","protected":false},"excerpt":{"rendered":"<p>Contacto Para retiros en personade dep\u00f3sito unicamentecon cita previa solo whatsapp +54 1171998877 UBICACI\u00d3N DEL DEP\u00d3SITO Galer\u00eda Jard\u00edn Tucuman 536&#8230;<\/p>\n","protected":false},"author":1,"featured_media":0,"parent":0,"menu_order":0,"comment_status":"closed","ping_status":"closed","template":"","meta":{"_uag_custom_page_level_css":"","iawp_total_views":2,"footnotes":""},"class_list":["post-201","page","type-page","status-publish","hentry"],"_hostinger_reach_plugin_has_subscription_block":false,"_hostinger_reach_plugin_is_elementor":false,"uagb_featured_image_src":{"full":false,"thumbnail":false,"medium":false,"medium_large":false,"large":false,"1536x1536":false,"2048x2048":false,"woocommerce_thumbnail":false,"woocommerce_single":false,"woocommerce_gallery_thumbnail":false},"uagb_author_info":{"display_name":"Ayack","author_link":"https:\/\/tuboxer.com\/tienda\/author\/ayack\/"},"uagb_comment_info":0,"uagb_excerpt":"Contacto Para retiros en personade dep\u00f3sito unicamentecon cita previa solo whatsapp +54 1171998877 UBICACI\u00d3N DEL DEP\u00d3SITO Galer\u00eda Jard\u00edn Tucuman 536...","_links":{"self":[{"href":"https:\/\/tuboxer.com\/tienda\/wp-json\/wp\/v2\/pages\/201","targetHints":{"allow":["GET"]}}],"collection":[{"href":"https:\/\/tuboxer.com\/tienda\/wp-json\/wp\/v2\/pages"}],"about":[{"href":"https:\/\/tuboxer.com\/tienda\/wp-json\/wp\/v2\/types\/page"}],"author":[{"embeddable":true,"href":"https:\/\/tuboxer.com\/tienda\/wp-json\/wp\/v2\/users\/1"}],"replies":[{"embeddable":true,"href":"https:\/\/tuboxer.com\/tienda\/wp-json\/wp\/v2\/comments?post=201"}],"version-history":[{"count":22,"href":"https:\/\/tuboxer.com\/tienda\/wp-json\/wp\/v2\/pages\/201\/revisions"}],"predecessor-version":[{"id":64672,"href":"https:\/\/tuboxer.com\/tienda\/wp-json\/wp\/v2\/pages\/201\/revisions\/64672"}],"wp:attachment":[{"href":"https:\/\/tuboxer.com\/tienda\/wp-json\/wp\/v2\/media?parent=201"}],"curies":[{"name":"wp","href":"https:\/\/api.w.org\/{rel}","templated":true}]}}