{"id":21081,"date":"2026-01-20T20:34:48","date_gmt":"2026-01-20T23:34:48","guid":{"rendered":"https:\/\/tuboxer.com\/tienda\/?page_id=21081"},"modified":"2026-01-21T00:39:46","modified_gmt":"2026-01-21T03:39:46","slug":"terminos-y-condiciones","status":"publish","type":"page","link":"https:\/\/tuboxer.com\/tienda\/terminos-y-condiciones\/","title":{"rendered":"T\u00e9rminos y condiciones"},"content":{"rendered":"\n<p>TuBoxer.com tiene como objetivo ser una tienda comercial virtual para la promoci\u00f3n y comercializaci\u00f3n de productos.<\/p>\n\n\n\n<p>Al acceder a https:\/\/www.tuboxer.com\/ el usuario adhiere autom\u00e1ticamente a las disposiciones que se encuentran en este documento, denominado T\u00e9rminos y Condiciones de Uso, que deber\u00e1 ser estrictamente respetado.<\/p>\n\n\n\n<p>Se consideran parte integrante de estos T\u00e9rminos y Condiciones de Uso, la Pol\u00edtica de Privacidad y la Pol\u00edtica de Compra, Cambio y Devoluci\u00f3n, as\u00ed como las dem\u00e1s reglas o t\u00e9rminos que puedan ser dispuestos en p\u00e1ginas espec\u00edficas del sitio TuBoxer.com y\/o comunicados a los Usuarios mediante notificaci\u00f3n.<\/p>\n\n\n\n<p>TuBoxer.com est\u00e1 a disposici\u00f3n para esclarecer cualquier duda.<\/p>\n\n\n\n<ol class=\"wp-block-list\">\n<li>DEFINICIONES<\/li>\n<\/ol>\n\n\n\n<p>1.1. Usuarios: Cualquier persona que navegue en el sitio TuBoxer.com<\/p>\n\n\n\n<p>1.2. Cliente: Todo Usuario que establezca alguna compra o utilice el sitio para adquisici\u00f3n de productos en el sitio TuBoxer.com<\/p>\n\n\n\n<p>1.3. \u00c1rea personal restringida: Secci\u00f3n del sitio TuBoxer.com accedida por el Usuario mediante el uso de login y contrase\u00f1a.<\/p>\n\n\n\n<p>1.4. Login: Identificaci\u00f3n elegida por el Usuario cuando completa el registro para acceso al \u00e1rea personal restringida y funcionalidades exclusivas del sitio TuBoxer.com<\/p>\n\n\n\n<p>1.5. Contrase\u00f1a: Conjunto de caracteres que sirve como prueba de identidad del Usuario, cuyo conocimiento debe ser exclusivo, personal y \u00fanico.<\/p>\n\n\n\n<p>1.6. Datos de registro: Conjunto de informaci\u00f3n personal de un Usuario de manera que lo diferencie de los dem\u00e1s, como por ejemplo el n\u00famero del documento de identidad, direcci\u00f3n residencial o comercial, nombre completo y otros.<\/p>\n\n\n\n<ol start=\"2\" class=\"wp-block-list\">\n<li>NAVEGACI\u00d3N<\/li>\n<\/ol>\n\n\n\n<p>2.1. Para visualizar algunos contenidos disponibles en el sitio TuBoxer.com, ser\u00e1 necesaria la instalaci\u00f3n de la aplicaci\u00f3n Adobe Flash Player, adem\u00e1s de recursos de Java Script y cookies habilitados en el browser.<\/p>\n\n\n\n<p>2.2. El Usuario es responsable por realizar la instalaci\u00f3n\/habilitaci\u00f3n de tales recursos en su equipo de inform\u00e1tica, as\u00ed como mantenerlo seguro, a trav\u00e9s de la utilizaci\u00f3n de herramientas de seguridad, tales como antivirus y firewalls.<\/p>\n\n\n\n<p>2.3. Salvo disposici\u00f3n contraria o notificaci\u00f3n, el sitio TuBoxer.com buscar\u00e1 mantener todo el contenido disponible las 24 (veinticuatro) horas del d\u00eda, 07 (siete) d\u00edas de la semana,&nbsp;con base en el horario oficial de Argentina. Sin embargo, no garantiza el acceso continuo o sin interrupci\u00f3n del sitio.<\/p>\n\n\n\n<p>2.3.1. Eventualmente el sitio podr\u00e1 no estar disponible debido a:<\/p>\n\n\n\n<ol class=\"wp-block-list\">\n<li>i) Mantenimientos t\u00e9cnicos y\/o operacionales que exijan la retirada del sitio del aire o imposibiliten su acceso,<\/li>\n\n\n\n<li>ii) casos fortuitos o de fuerza mayor;<\/li>\n<\/ol>\n\n\n\n<p>iii) acciones de terceros que impidan la disponibilidad del sitio;<\/p>\n\n\n\n<ol class=\"wp-block-list\">\n<li>iv) interrupci\u00f3n o suspensi\u00f3n de los servicios prestados por las prestadoras de servicios de telecomunicaciones; y<\/li>\n\n\n\n<li>v) ocurrencia de fallas en la transmisi\u00f3n y\/o fallas en el acceso a Internet, entre otros.<\/li>\n\n\n\n<li>REGISTRO<\/li>\n<\/ol>\n\n\n\n<p>3.1. La adquisici\u00f3n de cualquier producto publicado en el sitio TuBoxer.com solamente se dar\u00e1 mediante la realizaci\u00f3n de un procedimiento de registro por parte del Usuario.<\/p>\n\n\n\n<p>3.1.1. El registro implicar\u00e1 la creaci\u00f3n de un perfil de navegaci\u00f3n exclusivo, lo que posibilitar\u00e1 al Usuario un acceso a un \u00e1rea personal restringida, adem\u00e1s de la ejecuci\u00f3n de actividades espec\u00edficas y la participaci\u00f3n en programas de fidelizaci\u00f3n.<\/p>\n\n\n\n<p>3.1.2. La informaci\u00f3n sobre el tratamiento de los datos personales brindados en el registro podr\u00e1 ser obtenida en nuestra Pol\u00edtica de Privacidad.<\/p>\n\n\n\n<p>3.2. Al efectuar el registro, el Usuario se compromete a brindar informaci\u00f3n verdadera y actualizada sobre su persona, y de su responsable legal, en caso de ser menor de 18 (dieciocho) a\u00f1os, adem\u00e1s de mantener tal informaci\u00f3n actualizada.<\/p>\n\n\n\n<p>3.2.1. El Usuario, por lo tanto, podr\u00e1 visualizar y alterar sus datos de registro, posteriormente, en cualquier momento, accediendo a su \u00e1rea personal restringida.<\/p>\n\n\n\n<p>3.3. Durante el registro, el Usuario manifestar\u00e1 su expreso consentimiento con los T\u00e9rminos y Condiciones de Uso del sitio TuBoxer.com, mediante un procedimiento de validaci\u00f3n electr\u00f3nica.<\/p>\n\n\n\n<p>3.4. El Usuario recibir\u00e1, en su mail, un mensaje referente a la confirmaci\u00f3n de su registro en el sitio TuBoxer.com.<\/p>\n\n\n\n<p>3.5. En el caso de que el Usuario no est\u00e9 de acuerdo con los T\u00e9rminos y Condiciones de Uso del sitio TuBoxer.com, no ser\u00e1 posible que el mismo realice las actividades inherentes a los perfiles de navegaci\u00f3n exclusiva.<\/p>\n\n\n\n<p>3.6. Anteriormente al lanzamiento oficial del sitio TuBoxer.com, espec\u00edficamente para fines de promoci\u00f3n del mismo, el Usuario podr\u00e1 registrar su direcci\u00f3n de correo electr\u00f3nico (e-mail) en una lista de contactos de interesados en recibir correos electr\u00f3nicos conteniendo informaci\u00f3n y novedades (newsletters).<\/p>\n\n\n\n<p>3.6.1 Despu\u00e9s del lanzamiento oficial del sitio TuBoxer.com, el Usuario que no est\u00e9 suscrito a la lista de env\u00edo de newsletters podr\u00e1 suscribirse a la misma, en cualquier momento, en el sitio.<\/p>\n\n\n\n<p>3.6.2. El Usuario podr\u00e1 cancelar su suscripci\u00f3n a tal lista de env\u00edo de newsletters en cualquier momento, haciendo clic en el link de cancelaci\u00f3n que se encuentra en el cuerpo del propio newsletter.<\/p>\n\n\n\n<p>3.7. Durante el proceso de registro, el usuario deber\u00e1 crear una contrase\u00f1a personal, intransferible y confidencial.<\/p>\n\n\n\n<p>3.7.1. Esta contrase\u00f1a deber\u00e1 contener un m\u00ednimo de 6 caracteres, incluyendo letras, n\u00fameros, y caracteres especiales, adem\u00e1s debe ser dif\u00edcil de ser adivinada, por lo que no es recomendable el uso de secuencias de letras y n\u00fameros, nombres de familiares pr\u00f3ximos y\/o fechas especiales.<\/p>\n\n\n\n<p>3.7.2 El usuario deber\u00e1 hacerse cargo de la seguridad de su contrase\u00f1a, debiendo alterarla inmediatamente en el caso que sepa o desconf\u00ede que la misma haya sido descubierta por un tercero.<\/p>\n\n\n\n<p>3.7.3. En el caso de olvido, el Usuario podr\u00e1 requerir el env\u00edo de su contrase\u00f1a a su mail registrado, en el \u00edtem \u201cHe olvidado mi Contrase\u00f1a\u201d.<\/p>\n\n\n\n<p>3.8. El Usuario podr\u00e1 cancelar su registro, posteriormente, en cualquier momento, mediante el acceso a su \u00e1rea personal restricta, en el \u00edtem cancelaci\u00f3n de registro.<\/p>\n\n\n\n<p>3.8.1. Eventuales casos de sospecha o desconfianza en el Usuario ser\u00e1n tratados de manera independiente, conforme lo previsto en nuestra Pol\u00edtica de Compra, que debe considerarse parte integrante de estos T\u00e9rminos de Uso.<\/p>\n\n\n\n<p>3.8.2. En eventuales casos de incumplimiento de responsabilidades civiles y\/o criminales, los Usuarios infractores de estos T\u00e9rminos de Uso ser\u00e1n tratados de forma independiente.<\/p>\n\n\n\n<ol start=\"4\" class=\"wp-block-list\">\n<li>PROPIEDAD INTELECTUAL<\/li>\n<\/ol>\n\n\n\n<p>4.2. El simple acceso al sitio TuBoxer.com no le brinda al usuario ning\u00fan derecho de uso sobre el contenido de dicho sitio (ya sea contenido pasado, actual o futuro).<\/p>\n\n\n\n<p>4.3. Los contenidos exhibidos en el sitio TuBoxer.com no podr\u00e1n, de ninguna manera, ser copiados, distribuidos, reproducidos o divulgados, en ning\u00fan medio, bajo pena de responsabilidad civil y\/o criminal.<\/p>\n\n\n\n<p>4.4 Cualquier contenido sometido a publicaci\u00f3n por el Usuario en el sitio TuBoxer.com ser\u00e1 responsabilidad civil y criminal exclusiva del Usuario y no podr\u00e1 ser interpretado de ninguna forma como un acto de TuBoxer.com.<\/p>\n\n\n\n<p>4.5. TuBoxer.com, sin embargo, se reserva el derecho de no publicar, as\u00ed como remover, cualquier contenido considerado inadecuado.<\/p>\n\n\n\n<p>4.6. La eventual retirada de cualquier contenido, aunque mediando solicitud, deber\u00e1 ser siempre interpretada como un intento de prevenir inconvenientes y, jam\u00e1s, como reconocimiento de cualquier infracci\u00f3n por parte de TuBoxer.com a derechos de terceros.<\/p>\n\n\n\n<ol start=\"5\" class=\"wp-block-list\">\n<li>DEBERES DEL USUARIO:<\/li>\n<\/ol>\n\n\n\n<p>5.1. El Usuario asume todo el cargo y responsabilidad por sus actos en el sitio TuBoxer.com, respondiendo, tambi\u00e9n, por los actos que terceros practiquen en su nombre por medio del uso del login y contrase\u00f1a.<\/p>\n\n\n\n<p>5.2. El Usuario deber\u00e1 indemnizar a TuBoxer.com por cualquier da\u00f1o e perjuicio como consecuencia de sus acciones u omisiones que violen las disposiciones que se encuentran expresadas en estos T\u00e9rminos de Uso o en las normas legales en vigencia.<\/p>\n\n\n\n<ol start=\"6\" class=\"wp-block-list\">\n<li>LIMITACI\u00d3N DE RESPONSABILIDAD<\/li>\n<\/ol>\n\n\n\n<p>6.1. El sitio TuBoxer.com est\u00e1 sujeto a eventuales problemas de interrupci\u00f3n, fallas t\u00e9cnicas e indisponibilidad de funcionamiento temporario.<\/p>\n\n\n\n<p>6.1.1 TuBoxer.com se exime de cualquier responsabilidad por los da\u00f1os y perjuicios de toda naturaleza que puedan ocurrir por la falta de disponibilidad o de continuidad del funcionamiento del sitio TuBoxer.com.<\/p>\n\n\n\n<p>6.2. TuBoxer.com&nbsp;har\u00e1 su mejor esfuerzo para garantizar la seguridad y confiabilidad del sitio TuBoxer.com y de los contenidos disponibles en el mismo sitio, para eso utiliza diversos controles de detecci\u00f3n, prevenci\u00f3n y combate a actividades maliciosas.<\/p>\n\n\n\n<p>6.2.1. No obstante, TuBoxer.com no ser\u00e1 responsable por ning\u00fan da\u00f1o ni perjuicio proveniente de la acci\u00f3n de terceros, por la conducta inadecuada del Usuario, ni por ning\u00fan hecho que de alguna manera est\u00e9 fuera de su esfera de vigilancia.<\/p>\n\n\n\n<p>6.3. TuBoxer.com queda eximida de cualquier responsabilidad por la navegaci\u00f3n del Usuario en web sites externos, aun cuando fueran referenciados en el sitio TuBoxer.com, por lo que es un deber del Usuario la lectura de los T\u00e9rminos de Uso y la Pol\u00edtica de Privacidad del web site accedido, siendo responsabilidad del Usuario cualquier da\u00f1o o perjuicio que sufra en relaci\u00f3n a dichos sitios de terceros.<\/p>\n\n\n\n<p>6.4. TuBoxer.com no se responsabiliza por ning\u00fan tipo de indisponibilidad o error ocurridos en el proceso de pago a trav\u00e9s de tarjeta de cr\u00e9dito y bancos afiliados.<\/p>\n\n\n\n<p>6.5. Cancelaci\u00f3n de PEDIDOS.<\/p>\n\n\n\n<p>Todos los pedidos realizados a trav\u00e9s de TuBoxer.com est\u00e1n sujetos a la aceptaci\u00f3n de TuBoxer.com, lo que significa que TuBoxer.com podr\u00e1 rechazar el pedido, cancelar cualquier pedido, independientemente de si el pedido ha sido confirmado, con o sin motivo por parte de TuBoxer.com, y sin ninguna responsabilidad frente al Usuario u otra persona. En el caso que haya sido aplicado alg\u00fan cargo a trav\u00e9s del medio de pago utilizado en la compra, por un pedido que posteriormente es cancelado, TuBoxer.com emitir\u00e1 un reembolso. Dicho reembolso ser\u00e1 el \u00fanico pago o resarcimiento al que tendr\u00e1 derecho el Usuario.<\/p>\n\n\n\n<ol start=\"7\" class=\"wp-block-list\">\n<li>DISPOSICIONES GENERALES<\/li>\n<\/ol>\n\n\n\n<p>7.1. Los contenidos constantes en el sitio TuBoxer.com, incluso estos T\u00e9rminos de Uso, podr\u00e1n ser actualizados o modificados en cualquier momento, quedando a cargo del Usuario efectuar la verificaci\u00f3n de los mismos siempre que efect\u00fae un nuevo acceso.<\/p>\n\n\n\n<p>7.2. La tolerancia por eventual falta de cumplimiento de cualquier \u00edtem del presente instrumento no&nbsp;impedir\u00e1 o inhibir\u00e1 la exigencia de cumplimiento de los mismos en cualquier momento.<\/p>\n\n\n\n<p>7.3. En caso de duda relacionada al sitio TuBoxer.com, sus contenidos y estos T\u00e9rminos de Uso, el Usuario deber\u00e1 contactarnos a trav\u00e9s de\u00a0<a href=\"mailto:atencion@tuboxer.com\"><a href=\"mailto:atencion@tuboxer.com\">atencion@tuboxer.com<\/a><\/a><\/p>\n\n\n\n<p>7.4. EXCLUSI\u00d3N DE GARANT\u00cdAS Y LIMITACI\u00d3N DE LA RESPONSABILIDAD<\/p>\n\n\n\n<p>El Usuario reconoce que TuBoxer.com no tiene la obligaci\u00f3n de actualizar o revisar los contenidos y materiales en el Sitio web, sin perjuicio del derecho de TuBoxer.com de modificar los materiales y contenidos en cualquier momento sin previo aviso a los usuarios.<\/p>\n\n\n\n<p>El uso del Sitio web es bajo sola responsabilidad y riesgo del Usuario, asumiendo el Usuario toda la responsabilidad por cualquier costo asociado con el uso del Sitio. TuBoxer.com no ser\u00e1 responsable de ning\u00fan da\u00f1o y\/o perjuicio de ning\u00fan tipo en relaci\u00f3n, directa o indirecta con el uso del Sitio por el Usuario.<\/p>\n\n\n\n<p>7.5. Ley aplicable, Jurisdicci\u00f3n y Resoluci\u00f3n de Controversias.<\/p>\n\n\n\n<p>Mediante el uso del sitio web TuBoxer.com, el Usuario queda sujeto a la ley de la Rep\u00fablica Argentina.<\/p>\n\n\n\n<p>Cualquier controversia o reclamaci\u00f3n relacionada de cualquier manera con el uso de cualquier servicio de TuBoxer.com, o de cualquiera de los productos o servicios vendidos o distribuidos por este sitio, se resolver\u00e1n definitivamente mediante arbitraje de derecho, observ\u00e1ndose, tanto para la designaci\u00f3n de un solo \u00e1rbitro como para el procedimiento arbitral, las disposiciones contenidas en el Reglamento de Arbitraje de la Bolsa de Comercio.<\/p>\n\n\n\n<p>Los presentes T\u00e9rminos y Condiciones de Uso ser\u00e1n interpretados seg\u00fan la legislaci\u00f3n aplicable en la Rep\u00fablica Argentina, en el idioma espa\u00f1ol.<\/p>\n\n\n\n<p>7.6. Cuando el Usuario realiza un pedido, se entiende que dicho pedido equivale a la aceptaci\u00f3n plena y entera de los precios, la descripci\u00f3n de los productos y de las condiciones generales de venta, que ser\u00e1n las \u00fanicas aplicables a estos t\u00e9rminos y condiciones. TuBoxer.com tramitar\u00e1 los pedidos siempre que los art\u00edculos est\u00e9n disponibles. Toda compra se encuentra sujeta a disponibilidad t\u00e9cnica y\/o geogr\u00e1fica. Frente a la falta de disponibilidad del producto TuBoxer.com se compromete a informar cuanto antes al Usuario. Los productos que fueron seleccionados en su Shopping Bag (carrito de compra), pero que no fueron a\u00fan comprados, no ser\u00e1n reservados, si no que pueden ser adquiridos por otra persona. El precio de los productos y\/o servicios que se ofrecen en el Sitio, puede no coincidir con el de los distintos locales comerciales o canales de venta de TuBoxer.com. Las im\u00e1genes utilizadas en el sitio TuBoxer.com pueden no reflejar el tama\u00f1o original o situaci\u00f3n actual del contenido reproducido, siendo meramente ilustrativa. Los precios expresados en este sitio web son en pesos argentinos. Los precios incluyen IVA, pero no incluyen el costo de env\u00edo.<\/p>\n\n\n\n<ol start=\"8\" class=\"wp-block-list\">\n<li>COOKIES<\/li>\n<\/ol>\n\n\n\n<p>8.1. El Sitio puede utilizar un sistema de seguimiento mediante &#8220;cookies&#8221;, para que el acceso a la informaci\u00f3n, al pasar de p\u00e1gina en p\u00e1gina, se realice con mayor rapidez. Tambi\u00e9n ayuda en algunos casos a identificar a los Usuarios, sin necesidad de solicitarles la clave de acceso una y otra vez. Estas cookies son peque\u00f1os archivos que env\u00eda la p\u00e1gina visitada y se alojan en el disco duro del ordenador, ocupando poco espacio. Se hace saber a los Usuarios que utilizando las opciones de su navegador podr\u00e1n limitar o restringir seg\u00fan su voluntad el alojamiento de estas &#8220;cookies&#8221;, aunque es desaconsejable restringirlas totalmente. El sistema podr\u00e1 recoger informaci\u00f3n sobre sus preferencias e intereses. En el caso de que esto ocurra, la informaci\u00f3n ser\u00e1 utilizada exclusivamente con fines estad\u00edsticos para mejorar los servicios que se prestan en el Sitio.<\/p>\n\n\n\n<ol start=\"9\" class=\"wp-block-list\">\n<li>MEDIOS DE PAGO<\/li>\n<\/ol>\n\n\n\n<p>9.1. TuBoxer.com, cuenta con diferentes proveedores encargados del servicio de pago. Ellos son los responsables de llevar adelante la transacci\u00f3n. Si el Usuario presenta su tarjeta de cr\u00e9dito o d\u00e9bito a nuestro proveedor o ente responsable del cobro, autoriza a este \u00faltimo a debitar de su tarjeta de cr\u00e9dito o d\u00e9bito los gastos producidos en la cuenta que el Usuario registr\u00f3 en nuestro sitio web.<\/p>\n\n\n\n<p>El Usuario se compromete a pagar todas las cuentas y cargos a su nombre, incluido el env\u00edo del producto, excepto cuando este \u00faltimo est\u00e9 expl\u00edcitamente bonificado.&nbsp;Al seleccionar el Usuario cualquier producto que desea comprar en nuestro sitio, queda expresa la facultad de TuBoxer.com de realizar averiguaciones sobre el estado de cr\u00e9dito. Lo que significa que TuBoxer.com puede solicitar informaci\u00f3n sobre su cr\u00e9dito disponible, veracidad de su informaci\u00f3n, y validez de la tarjeta o cuenta. Los pagos que eventualmente puedan hacerse mediante esta p\u00e1gina, podr\u00e1n ser realizados on-line mediante las tarjetas, Visa, MasterCard, Diners, American Express o utilizando cualquier otro medio de pago que oportunamente se indique.<\/p>\n\n\n\n<ol start=\"10\" class=\"wp-block-list\">\n<li>ENTREGAS Y ENV\u00cdOS<\/li>\n<\/ol>\n\n\n\n<p>10.1. Todos los costos de env\u00edo que suceden por compras dentro de TuBoxer.com corren por cuenta exclusiva de nuestros clientes, excepto aclaraci\u00f3n expresa en contrario (por ejemplo, en el caso de promociones). Una vez que el producto haya sido entregado a la empresa transportista a cargo del delivery al Usuario, el Usuario recibir\u00e1 un n\u00famero de identificaci\u00f3n para el seguimiento del producto. Es importante que conserve esa informaci\u00f3n recibida, para poder efectuar cualquier reclamo. Una vez despachada la orden de compra, no es posible cambiar la direcci\u00f3n de entrega.&nbsp;La entrega de la mercader\u00eda se pactar\u00e1 en el domicilio que el Usuario proporcion\u00f3 para ello. De no encontrarse en el domicilio al momento de la entrega, el transportista har\u00e1 una segunda visita.<\/p>\n\n\n\n<p>&nbsp;TuBoxer.com tiene asegurada la mercader\u00eda durante el tiempo en que la mercader\u00eda est\u00e1 en tr\u00e1nsito hacia la direcci\u00f3n de entrega. A partir del momento en que la mercader\u00eda es entregada en condiciones y luego de firmar el acuse de recibo, la responsabilidad sobre los productos entregados pasa a ser del Usuario.<\/p>\n\n\n\n<p>Los productos son entregados con el packaging original de TuBoxer.com. En el caso que el Usuario recibiera el producto en mal estado, no debe olvidar informar de esto a nuestro sitio mediante un mail a\u00a0<a href=\"mailto:atencion@tuboxer.com\">atencion@tuboxer.com<\/a><a href=\"mailto:espaciorodia@surpacifico.com.ar\"><br><\/a><\/p>\n\n\n\n<p>Los pedidos que hayan sido devueltos por el correo por error en el domicilio o habiendo expirado el tiempo de retiro en sucursal, se&nbsp;proceder\u00e1 a la devoluci\u00f3n de la totalidad del dinero abonado.&nbsp;<\/p>\n\n\n\n<ol start=\"11\" class=\"wp-block-list\">\n<li>POL\u00cdTICA DE PRECIOS<\/li>\n<\/ol>\n\n\n\n<p>11.1&nbsp;Los precios de los productos disponibles en este sitio, mientras aparezcan en \u00e9l, solo tendr\u00e1n vigencia y aplicaci\u00f3n en \u00e9ste y no ser\u00e1n necesariamente aplicables a otros canales de venta utilizados por las empresas, tales como locales f\u00edsicas o multimarcas. Las empresas podr\u00e1n modificar cualquier informaci\u00f3n contenida en este sitio, incluyendo las relacionadas con mercader\u00edas, precios, existencias y condiciones, en cualquier momento y sin previo aviso, hasta el momento de recibir una aceptaci\u00f3n de compra.<\/p>\n\n\n\n<ol start=\"12\" class=\"wp-block-list\">\n<li>POL\u00cdTICA DE PRIVACIDAD DE DATOS<\/li>\n<\/ol>\n\n\n\n<p>12.1 Para poder utilizar el Sitio de manera eficiente y segura, los Usuarios deber\u00e1n aportar ciertos datos, entre ellos, su nombre y apellido, cuenta de e-mail, tel\u00e9fono, direcci\u00f3n de entrega y facturaci\u00f3n, sin los cuales se tornar\u00eda imposible brindar los servicios. Por eso se requiere que estos sean verdaderos y exactos. Los datos recabados por los formularios correspondientes ser\u00e1n incorporados a las bases de las bases de TuBoxer.com. La informaci\u00f3n personal que los Usuarios ingresan en el Sitio es totalmente confidencial y TuBoxer.com har\u00e1 su mejor esfuerzo para proteger la privacidad de los mismos. Cuando se ingresan datos y n\u00fameros correspondientes a tarjetas de cr\u00e9dito estos son encriptados, para mayor seguridad de los Usuarios.<\/p>\n\n\n\n<ol start=\"13\" class=\"wp-block-list\">\n<li>PROMOCIONES VIGENTES<\/li>\n<\/ol>\n\n\n\n<p>13.1 TuBoxer.com se hace cargo del costo de la entrega del cambio o la devoluci\u00f3n de la compra cuando el mismo sea por falla.<\/p>\n\n\n\n<p>13.2 Los cambios o devoluciones de los productos adquiridos en la tienda online solo podr\u00e1n cambiarse en esa misma tienda.\u00a0\u00a0Podes cambiar tu compra por cualquier otro producto del sitio\u00a0<a href=\"http:\/\/tuboxer.com\">TuBoxer.com<\/a>\u00a0\u00a0o solicitar una Tarjeta Regalo por el importe de tu compra, enviando un mail a\u00a0<a href=\"mailto:espaciorodia@surpacifico.com.ar\"><\/a><a href=\"mailto:atencion@tuboxer.com\">atencion@tuboxer.com<\/a><\/p>\n\n\n\n<p>13.3 El tiempo para realizar una devoluci\u00f3n es de 10 d\u00edas y para realizar un cambio es de 30 d\u00edas desde la fecha de recepci\u00f3n. Para realizar cambios y devoluciones es imprescindible la presentaci\u00f3n del \u201cTicket de Cambio\u201d o Factura junto al Producto, su packaging y etiquetas originales.<\/p>\n\n\n\n<p>13.4 La Tarjeta Regalo podr\u00e1 ser utilizada solamente en nuestro Tienda Online. Se enviar\u00e1 el c\u00f3digo a tu correo electr\u00f3nico, que deber\u00e1s aplicar al momento de la nueva compra cuyo env\u00edo ser\u00e1 bonificado.<\/p>\n\n\n\n<p>Las Tarjetas Regalos tienen un solo uso y validez por 3 meses. El importe del c\u00f3digo debe ser utilizado en su totalidad, no siendo acumulable para sucesivas compras.<\/p>\n\n\n\n<p>Si tienes alguna duda, cont\u00e1ctanos a trav\u00e9s de nuestra Central de Atenci\u00f3n al Cliente, a trav\u00e9s del mail\u00a0<a href=\"mailto:atencion@tuboxer.com\">atencion@tuboxer.com<\/a><\/p>\n\n\n\n<p>13.5 Productos personalizados y con ajustes (dobladillo, pinzas, etc.) no podr\u00e1n ser cambiados o devueltos.<\/p>\n\n\n\n<p>13.6 Las prendas compradas durante el \u201cCyber Monday\u201d; \u201cHot Sale\u201d o acciones espec\u00edficas de rebajas en internet, se tomar\u00e1n al precio abonado.&nbsp;<\/p>\n","protected":false},"excerpt":{"rendered":"<p>TuBoxer.com tiene como objetivo ser una tienda comercial virtual para la promoci\u00f3n y comercializaci\u00f3n de productos. Al acceder a https:\/\/www.tuboxer.com\/&#8230;<\/p>\n","protected":false},"author":1,"featured_media":0,"parent":0,"menu_order":0,"comment_status":"closed","ping_status":"closed","template":"","meta":{"_uag_custom_page_level_css":"","iawp_total_views":1,"footnotes":""},"class_list":["post-21081","page","type-page","status-publish","hentry"],"_hostinger_reach_plugin_has_subscription_block":false,"_hostinger_reach_plugin_is_elementor":false,"uagb_featured_image_src":{"full":false,"thumbnail":false,"medium":false,"medium_large":false,"large":false,"1536x1536":false,"2048x2048":false,"woocommerce_thumbnail":false,"woocommerce_single":false,"woocommerce_gallery_thumbnail":false},"uagb_author_info":{"display_name":"Ayack","author_link":"https:\/\/tuboxer.com\/tienda\/author\/ayack\/"},"uagb_comment_info":0,"uagb_excerpt":"TuBoxer.com tiene como objetivo ser una tienda comercial virtual para la promoci\u00f3n y comercializaci\u00f3n de productos. Al acceder a https:\/\/www.tuboxer.com\/...","_links":{"self":[{"href":"https:\/\/tuboxer.com\/tienda\/wp-json\/wp\/v2\/pages\/21081","targetHints":{"allow":["GET"]}}],"collection":[{"href":"https:\/\/tuboxer.com\/tienda\/wp-json\/wp\/v2\/pages"}],"about":[{"href":"https:\/\/tuboxer.com\/tienda\/wp-json\/wp\/v2\/types\/page"}],"author":[{"embeddable":true,"href":"https:\/\/tuboxer.com\/tienda\/wp-json\/wp\/v2\/users\/1"}],"replies":[{"embeddable":true,"href":"https:\/\/tuboxer.com\/tienda\/wp-json\/wp\/v2\/comments?post=21081"}],"version-history":[{"count":2,"href":"https:\/\/tuboxer.com\/tienda\/wp-json\/wp\/v2\/pages\/21081\/revisions"}],"predecessor-version":[{"id":21173,"href":"https:\/\/tuboxer.com\/tienda\/wp-json\/wp\/v2\/pages\/21081\/revisions\/21173"}],"wp:attachment":[{"href":"https:\/\/tuboxer.com\/tienda\/wp-json\/wp\/v2\/media?parent=21081"}],"curies":[{"name":"wp","href":"https:\/\/api.w.org\/{rel}","templated":true}]}}