{"id":106320,"date":"2026-02-09T05:28:50","date_gmt":"2026-02-09T08:28:50","guid":{"rendered":"https:\/\/tuboxer.com\/tienda\/product\/boxer-hombre-algodon-eyelit-395-calce-suelto-liso-clasico\/"},"modified":"2026-03-14T10:32:29","modified_gmt":"2026-03-14T13:32:29","slug":"boxer-hombre-algodon-eyelit-395-calce-suelto-liso-clasico","status":"publish","type":"product","link":"https:\/\/tuboxer.com\/tienda\/product\/boxer-hombre-algodon-eyelit-395-calce-suelto-liso-clasico\/","title":{"rendered":"Boxer Hombre Algodon Eyelit 395 Calce Suelto Liso Clasico"},"content":{"rendered":"<p>B\u00f3xer liso de algod\u00f3n.<br \/>\nDe calce suelto y relajado, posee un leve ajuste en piernas. Este b\u00f3xer es ideal para el uso diario. Los botones en la parte frontal no solo a\u00f1aden un toque cl\u00e1sico, sino que tambi\u00e9n ofrecen facilidad y comodidad al vestir.<\/p>\n","protected":false},"excerpt":{"rendered":"<p><strong>Regalable:<\/strong> vppfull<br \/><strong>Edad:<\/strong> Adultos<br \/><strong>Marca:<\/strong> Eyelit<br \/><strong>Composici\u00f3n:<\/strong> Colores Lisos: Algodon 100%,Colores Melange: Algodon 50% Poliester 50%<br \/><strong>G\u00e9nero filtrables:<\/strong> Hombre<\/p>\n","protected":false},"featured_media":16981,"template":"","meta":{"_uag_custom_page_level_css":"","iawp_total_views":3},"product_brand":[],"product_cat":[53],"product_tag":[],"class_list":{"0":"post-106320","1":"product","2":"type-product","3":"status-publish","4":"has-post-thumbnail","6":"product_cat-boxers-y-slips","8":"first","9":"instock","10":"taxable","11":"shipping-taxable","12":"purchasable","13":"product-type-variable"},"uagb_featured_image_src":{"full":["https:\/\/tuboxer.com\/tienda\/wp-content\/uploads\/2026\/01\/D_910320-MLA92577372296_092025-O-16.jpg",400,500,false],"thumbnail":["https:\/\/tuboxer.com\/tienda\/wp-content\/uploads\/2026\/01\/D_910320-MLA92577372296_092025-O-16-150x150.jpg",150,150,true],"medium":["https:\/\/tuboxer.com\/tienda\/wp-content\/uploads\/2026\/01\/D_910320-MLA92577372296_092025-O-16-240x300.jpg",240,300,true],"medium_large":["https:\/\/tuboxer.com\/tienda\/wp-content\/uploads\/2026\/01\/D_910320-MLA92577372296_092025-O-16.jpg",400,500,false],"large":["https:\/\/tuboxer.com\/tienda\/wp-content\/uploads\/2026\/01\/D_910320-MLA92577372296_092025-O-16.jpg",400,500,false],"1536x1536":["https:\/\/tuboxer.com\/tienda\/wp-content\/uploads\/2026\/01\/D_910320-MLA92577372296_092025-O-16.jpg",400,500,false],"2048x2048":["https:\/\/tuboxer.com\/tienda\/wp-content\/uploads\/2026\/01\/D_910320-MLA92577372296_092025-O-16.jpg",400,500,false],"woocommerce_thumbnail":["https:\/\/tuboxer.com\/tienda\/wp-content\/uploads\/2026\/01\/D_910320-MLA92577372296_092025-O-16-300x300.jpg",300,300,true],"woocommerce_single":["https:\/\/tuboxer.com\/tienda\/wp-content\/uploads\/2026\/01\/D_910320-MLA92577372296_092025-O-16.jpg",400,500,false],"woocommerce_gallery_thumbnail":["https:\/\/tuboxer.com\/tienda\/wp-content\/uploads\/2026\/01\/D_910320-MLA92577372296_092025-O-16-100x100.jpg",100,100,true]},"uagb_author_info":{"display_name":"","author_link":"https:\/\/tuboxer.com\/tienda\/author\/"},"uagb_comment_info":0,"uagb_excerpt":"Regalable: vppfullEdad: AdultosMarca: EyelitComposici\u00f3n: Colores Lisos: Algodon 100%,Colores Melange: Algodon 50% Poliester 50%G\u00e9nero filtrables: Hombre","_links":{"self":[{"href":"https:\/\/tuboxer.com\/tienda\/wp-json\/wp\/v2\/product\/106320","targetHints":{"allow":["GET"]}}],"collection":[{"href":"https:\/\/tuboxer.com\/tienda\/wp-json\/wp\/v2\/product"}],"about":[{"href":"https:\/\/tuboxer.com\/tienda\/wp-json\/wp\/v2\/types\/product"}],"version-history":[{"count":0,"href":"https:\/\/tuboxer.com\/tienda\/wp-json\/wp\/v2\/product\/106320\/revisions"}],"wp:featuredmedia":[{"embeddable":true,"href":"https:\/\/tuboxer.com\/tienda\/wp-json\/wp\/v2\/media\/16981"}],"wp:attachment":[{"href":"https:\/\/tuboxer.com\/tienda\/wp-json\/wp\/v2\/media?parent=106320"}],"wp:term":[{"taxonomy":"product_brand","embeddable":true,"href":"https:\/\/tuboxer.com\/tienda\/wp-json\/wp\/v2\/product_brand?post=106320"},{"taxonomy":"product_cat","embeddable":true,"href":"https:\/\/tuboxer.com\/tienda\/wp-json\/wp\/v2\/product_cat?post=106320"},{"taxonomy":"product_tag","embeddable":true,"href":"https:\/\/tuboxer.com\/tienda\/wp-json\/wp\/v2\/product_tag?post=106320"}],"curies":[{"name":"wp","href":"https:\/\/api.w.org\/{rel}","templated":true}]}}