{"id":106341,"date":"2026-02-09T05:28:51","date_gmt":"2026-02-09T08:28:51","guid":{"rendered":"https:\/\/tuboxer.com\/tienda\/product\/boxer-hombre-algodon-eyelit-526-super-elastizado\/"},"modified":"2026-03-14T10:32:29","modified_gmt":"2026-03-14T13:32:29","slug":"boxer-hombre-algodon-eyelit-526-super-elastizado","status":"publish","type":"product","link":"https:\/\/tuboxer.com\/tienda\/product\/boxer-hombre-algodon-eyelit-526-super-elastizado\/","title":{"rendered":"Boxer Hombre Algodon Eyelit 526 Super Elastizado"},"content":{"rendered":"<p>EYELIT<\/p>\n<p>B\u00f3xer de algod\u00f3n natural elastizado. De calce ajustado, su tejido suave y resistente se adapta confortablemente al cuerpo. Posee pu\u00f1o en piernas.<\/p>\n<p>Articulo: 526<\/p>\n<p>Composici\u00f3n: 94% algod\u00f3n, 6% elastano<\/p>\n<p>Talles: M a XXL (Gu\u00eda de talles)<\/p>\n<p>36\/38 = S<br \/>\n40\/42 = M<br \/>\n44\/46 = L<br \/>\n48\/50 = XL<br \/>\n52\/54 = XXL<\/p>\n","protected":false},"excerpt":{"rendered":"<p><strong>Regalable:<\/strong> vppfull<br \/><strong>Edad:<\/strong> Adultos<br \/><strong>Marca:<\/strong> Eyelit<br \/><strong>Composici\u00f3n:<\/strong> 94% algodon &#8211; 6% elastano<br \/><strong>G\u00e9nero filtrables:<\/strong> Hombre<\/p>\n","protected":false},"featured_media":16762,"template":"","meta":{"_uag_custom_page_level_css":"","iawp_total_views":1},"product_brand":[],"product_cat":[53],"product_tag":[],"class_list":{"0":"post-106341","1":"product","2":"type-product","3":"status-publish","4":"has-post-thumbnail","6":"product_cat-boxers-y-slips","8":"first","9":"instock","10":"taxable","11":"shipping-taxable","12":"purchasable","13":"product-type-variable"},"uagb_featured_image_src":{"full":["https:\/\/tuboxer.com\/tienda\/wp-content\/uploads\/2026\/01\/D_915940-MLA92978733835_092025-O-15.jpg",400,500,false],"thumbnail":["https:\/\/tuboxer.com\/tienda\/wp-content\/uploads\/2026\/01\/D_915940-MLA92978733835_092025-O-15-150x150.jpg",150,150,true],"medium":["https:\/\/tuboxer.com\/tienda\/wp-content\/uploads\/2026\/01\/D_915940-MLA92978733835_092025-O-15-240x300.jpg",240,300,true],"medium_large":["https:\/\/tuboxer.com\/tienda\/wp-content\/uploads\/2026\/01\/D_915940-MLA92978733835_092025-O-15.jpg",400,500,false],"large":["https:\/\/tuboxer.com\/tienda\/wp-content\/uploads\/2026\/01\/D_915940-MLA92978733835_092025-O-15.jpg",400,500,false],"1536x1536":["https:\/\/tuboxer.com\/tienda\/wp-content\/uploads\/2026\/01\/D_915940-MLA92978733835_092025-O-15.jpg",400,500,false],"2048x2048":["https:\/\/tuboxer.com\/tienda\/wp-content\/uploads\/2026\/01\/D_915940-MLA92978733835_092025-O-15.jpg",400,500,false],"woocommerce_thumbnail":["https:\/\/tuboxer.com\/tienda\/wp-content\/uploads\/2026\/01\/D_915940-MLA92978733835_092025-O-15-300x300.jpg",300,300,true],"woocommerce_single":["https:\/\/tuboxer.com\/tienda\/wp-content\/uploads\/2026\/01\/D_915940-MLA92978733835_092025-O-15.jpg",400,500,false],"woocommerce_gallery_thumbnail":["https:\/\/tuboxer.com\/tienda\/wp-content\/uploads\/2026\/01\/D_915940-MLA92978733835_092025-O-15-100x100.jpg",100,100,true]},"uagb_author_info":{"display_name":"","author_link":"https:\/\/tuboxer.com\/tienda\/author\/"},"uagb_comment_info":0,"uagb_excerpt":"Regalable: vppfullEdad: AdultosMarca: EyelitComposici\u00f3n: 94% algodon - 6% elastanoG\u00e9nero filtrables: Hombre","_links":{"self":[{"href":"https:\/\/tuboxer.com\/tienda\/wp-json\/wp\/v2\/product\/106341","targetHints":{"allow":["GET"]}}],"collection":[{"href":"https:\/\/tuboxer.com\/tienda\/wp-json\/wp\/v2\/product"}],"about":[{"href":"https:\/\/tuboxer.com\/tienda\/wp-json\/wp\/v2\/types\/product"}],"version-history":[{"count":0,"href":"https:\/\/tuboxer.com\/tienda\/wp-json\/wp\/v2\/product\/106341\/revisions"}],"wp:featuredmedia":[{"embeddable":true,"href":"https:\/\/tuboxer.com\/tienda\/wp-json\/wp\/v2\/media\/16762"}],"wp:attachment":[{"href":"https:\/\/tuboxer.com\/tienda\/wp-json\/wp\/v2\/media?parent=106341"}],"wp:term":[{"taxonomy":"product_brand","embeddable":true,"href":"https:\/\/tuboxer.com\/tienda\/wp-json\/wp\/v2\/product_brand?post=106341"},{"taxonomy":"product_cat","embeddable":true,"href":"https:\/\/tuboxer.com\/tienda\/wp-json\/wp\/v2\/product_cat?post=106341"},{"taxonomy":"product_tag","embeddable":true,"href":"https:\/\/tuboxer.com\/tienda\/wp-json\/wp\/v2\/product_tag?post=106341"}],"curies":[{"name":"wp","href":"https:\/\/api.w.org\/{rel}","templated":true}]}}