{"id":106367,"date":"2026-02-09T05:28:52","date_gmt":"2026-02-09T08:28:52","guid":{"rendered":"https:\/\/tuboxer.com\/tienda\/product\/medias-algodon-soquetes-eyelit-3362\/"},"modified":"2026-02-23T07:39:02","modified_gmt":"2026-02-23T10:39:02","slug":"medias-algodon-soquetes-eyelit-3362","status":"publish","type":"product","link":"https:\/\/tuboxer.com\/tienda\/product\/medias-algodon-soquetes-eyelit-3362\/","title":{"rendered":"Medias Algodon Soquetes Eyelit 3362"},"content":{"rendered":"<p>Soquete sin costura.<br \/>\nSe adapta confortablemente al pie con leve compresi\u00f3n para mejorar la circulaci\u00f3n.<\/p>\n<p>TUBOXER<br \/>\nDISTRIBUIDOR OFICIAL EYELIT<\/p>\n","protected":false},"excerpt":{"rendered":"<p><strong>Marca:<\/strong> Eyelit<br \/><strong>Modelo:<\/strong> 3362<br \/><strong>Edad:<\/strong> Adultos<br \/><strong>G\u00e9nero filtrables:<\/strong> Hombre,Mujer<br \/><strong>G\u00e9nero:<\/strong> Sin g\u00e9nero<\/p>\n","protected":false},"featured_media":16843,"template":"","meta":{"_uag_custom_page_level_css":"","iawp_total_views":0},"product_brand":[],"product_cat":[55],"product_tag":[],"class_list":{"0":"post-106367","1":"product","2":"type-product","3":"status-publish","4":"has-post-thumbnail","6":"product_cat-medias","8":"first","9":"instock","10":"taxable","11":"shipping-taxable","12":"purchasable","13":"product-type-variable"},"uagb_featured_image_src":{"full":["https:\/\/tuboxer.com\/tienda\/wp-content\/uploads\/2026\/01\/D_897158-MLA90320977573_082025-O-10.jpg",399,500,false],"thumbnail":["https:\/\/tuboxer.com\/tienda\/wp-content\/uploads\/2026\/01\/D_897158-MLA90320977573_082025-O-10-150x150.jpg",150,150,true],"medium":["https:\/\/tuboxer.com\/tienda\/wp-content\/uploads\/2026\/01\/D_897158-MLA90320977573_082025-O-10-239x300.jpg",239,300,true],"medium_large":["https:\/\/tuboxer.com\/tienda\/wp-content\/uploads\/2026\/01\/D_897158-MLA90320977573_082025-O-10.jpg",399,500,false],"large":["https:\/\/tuboxer.com\/tienda\/wp-content\/uploads\/2026\/01\/D_897158-MLA90320977573_082025-O-10.jpg",399,500,false],"1536x1536":["https:\/\/tuboxer.com\/tienda\/wp-content\/uploads\/2026\/01\/D_897158-MLA90320977573_082025-O-10.jpg",399,500,false],"2048x2048":["https:\/\/tuboxer.com\/tienda\/wp-content\/uploads\/2026\/01\/D_897158-MLA90320977573_082025-O-10.jpg",399,500,false],"woocommerce_thumbnail":["https:\/\/tuboxer.com\/tienda\/wp-content\/uploads\/2026\/01\/D_897158-MLA90320977573_082025-O-10-300x300.jpg",300,300,true],"woocommerce_single":["https:\/\/tuboxer.com\/tienda\/wp-content\/uploads\/2026\/01\/D_897158-MLA90320977573_082025-O-10.jpg",399,500,false],"woocommerce_gallery_thumbnail":["https:\/\/tuboxer.com\/tienda\/wp-content\/uploads\/2026\/01\/D_897158-MLA90320977573_082025-O-10-100x100.jpg",100,100,true]},"uagb_author_info":{"display_name":"","author_link":"https:\/\/tuboxer.com\/tienda\/author\/"},"uagb_comment_info":0,"uagb_excerpt":"Marca: EyelitModelo: 3362Edad: AdultosG\u00e9nero filtrables: Hombre,MujerG\u00e9nero: Sin g\u00e9nero","_links":{"self":[{"href":"https:\/\/tuboxer.com\/tienda\/wp-json\/wp\/v2\/product\/106367","targetHints":{"allow":["GET"]}}],"collection":[{"href":"https:\/\/tuboxer.com\/tienda\/wp-json\/wp\/v2\/product"}],"about":[{"href":"https:\/\/tuboxer.com\/tienda\/wp-json\/wp\/v2\/types\/product"}],"version-history":[{"count":0,"href":"https:\/\/tuboxer.com\/tienda\/wp-json\/wp\/v2\/product\/106367\/revisions"}],"wp:featuredmedia":[{"embeddable":true,"href":"https:\/\/tuboxer.com\/tienda\/wp-json\/wp\/v2\/media\/16843"}],"wp:attachment":[{"href":"https:\/\/tuboxer.com\/tienda\/wp-json\/wp\/v2\/media?parent=106367"}],"wp:term":[{"taxonomy":"product_brand","embeddable":true,"href":"https:\/\/tuboxer.com\/tienda\/wp-json\/wp\/v2\/product_brand?post=106367"},{"taxonomy":"product_cat","embeddable":true,"href":"https:\/\/tuboxer.com\/tienda\/wp-json\/wp\/v2\/product_cat?post=106367"},{"taxonomy":"product_tag","embeddable":true,"href":"https:\/\/tuboxer.com\/tienda\/wp-json\/wp\/v2\/product_tag?post=106367"}],"curies":[{"name":"wp","href":"https:\/\/api.w.org\/{rel}","templated":true}]}}