{"id":106380,"date":"2026-02-09T05:28:53","date_gmt":"2026-02-09T08:28:53","guid":{"rendered":"https:\/\/tuboxer.com\/tienda\/product\/boxer-hombre-eyelit-525-algodon-lycra\/"},"modified":"2026-03-14T10:32:29","modified_gmt":"2026-03-14T13:32:29","slug":"boxer-hombre-eyelit-525-algodon-lycra","status":"publish","type":"product","link":"https:\/\/tuboxer.com\/tienda\/product\/boxer-hombre-eyelit-525-algodon-lycra\/","title":{"rendered":"Boxer Hombre Eyelit 525 Algodon Lycra"},"content":{"rendered":"<p>EYELIT<\/p>\n<p>B\u00f3xer con calce ajustado en color pleno, de algod\u00f3n con lycra. Balon con costuras ocultas y pu\u00f1os doble, a contratono en las piernas. Cintura con el\u00e1stico bordado aplicado. <\/p>\n<p>Articulo: 525<\/p>\n<p>Composici\u00f3n: 87% algod\u00f3n, 7% poliester, 6%elastano<\/p>\n<p>Talles: S a XXL<\/p>\n<p>Colores disponibles:<\/p>\n<p>&#8211; Gris melange<br \/>\n&#8211; Azul marino<br \/>\n&#8211; Negro<br \/>\n&#8211; Blanco<br \/>\n&#8211; Rojo<br \/>\n&#8211; Gris oscuro<\/p>\n","protected":false},"excerpt":{"rendered":"<p><strong>Regalable:<\/strong> vppfull<br \/><strong>Edad:<\/strong> Adultos<br \/><strong>Marca:<\/strong> Eyelit<br \/><strong>Composici\u00f3n:<\/strong> Algod\u00f3n\/Lycra<br \/><strong>G\u00e9nero filtrables:<\/strong> Hombre<\/p>\n","protected":false},"featured_media":16888,"template":"","meta":{"_uag_custom_page_level_css":"","iawp_total_views":0},"product_brand":[],"product_cat":[53],"product_tag":[],"class_list":{"0":"post-106380","1":"product","2":"type-product","3":"status-publish","4":"has-post-thumbnail","6":"product_cat-boxers-y-slips","8":"first","9":"instock","10":"taxable","11":"shipping-taxable","12":"purchasable","13":"product-type-variable"},"uagb_featured_image_src":{"full":["https:\/\/tuboxer.com\/tienda\/wp-content\/uploads\/2026\/01\/D_823551-MLA92410431678_092025-O-12.jpg",427,500,false],"thumbnail":["https:\/\/tuboxer.com\/tienda\/wp-content\/uploads\/2026\/01\/D_823551-MLA92410431678_092025-O-12-150x150.jpg",150,150,true],"medium":["https:\/\/tuboxer.com\/tienda\/wp-content\/uploads\/2026\/01\/D_823551-MLA92410431678_092025-O-12-256x300.jpg",256,300,true],"medium_large":["https:\/\/tuboxer.com\/tienda\/wp-content\/uploads\/2026\/01\/D_823551-MLA92410431678_092025-O-12.jpg",427,500,false],"large":["https:\/\/tuboxer.com\/tienda\/wp-content\/uploads\/2026\/01\/D_823551-MLA92410431678_092025-O-12.jpg",427,500,false],"1536x1536":["https:\/\/tuboxer.com\/tienda\/wp-content\/uploads\/2026\/01\/D_823551-MLA92410431678_092025-O-12.jpg",427,500,false],"2048x2048":["https:\/\/tuboxer.com\/tienda\/wp-content\/uploads\/2026\/01\/D_823551-MLA92410431678_092025-O-12.jpg",427,500,false],"woocommerce_thumbnail":["https:\/\/tuboxer.com\/tienda\/wp-content\/uploads\/2026\/01\/D_823551-MLA92410431678_092025-O-12-300x300.jpg",300,300,true],"woocommerce_single":["https:\/\/tuboxer.com\/tienda\/wp-content\/uploads\/2026\/01\/D_823551-MLA92410431678_092025-O-12.jpg",427,500,false],"woocommerce_gallery_thumbnail":["https:\/\/tuboxer.com\/tienda\/wp-content\/uploads\/2026\/01\/D_823551-MLA92410431678_092025-O-12-100x100.jpg",100,100,true]},"uagb_author_info":{"display_name":"","author_link":"https:\/\/tuboxer.com\/tienda\/author\/"},"uagb_comment_info":0,"uagb_excerpt":"Regalable: vppfullEdad: AdultosMarca: EyelitComposici\u00f3n: Algod\u00f3n\/LycraG\u00e9nero filtrables: Hombre","_links":{"self":[{"href":"https:\/\/tuboxer.com\/tienda\/wp-json\/wp\/v2\/product\/106380","targetHints":{"allow":["GET"]}}],"collection":[{"href":"https:\/\/tuboxer.com\/tienda\/wp-json\/wp\/v2\/product"}],"about":[{"href":"https:\/\/tuboxer.com\/tienda\/wp-json\/wp\/v2\/types\/product"}],"version-history":[{"count":0,"href":"https:\/\/tuboxer.com\/tienda\/wp-json\/wp\/v2\/product\/106380\/revisions"}],"wp:featuredmedia":[{"embeddable":true,"href":"https:\/\/tuboxer.com\/tienda\/wp-json\/wp\/v2\/media\/16888"}],"wp:attachment":[{"href":"https:\/\/tuboxer.com\/tienda\/wp-json\/wp\/v2\/media?parent=106380"}],"wp:term":[{"taxonomy":"product_brand","embeddable":true,"href":"https:\/\/tuboxer.com\/tienda\/wp-json\/wp\/v2\/product_brand?post=106380"},{"taxonomy":"product_cat","embeddable":true,"href":"https:\/\/tuboxer.com\/tienda\/wp-json\/wp\/v2\/product_cat?post=106380"},{"taxonomy":"product_tag","embeddable":true,"href":"https:\/\/tuboxer.com\/tienda\/wp-json\/wp\/v2\/product_tag?post=106380"}],"curies":[{"name":"wp","href":"https:\/\/api.w.org\/{rel}","templated":true}]}}