{"id":106406,"date":"2026-02-09T05:28:54","date_gmt":"2026-02-09T08:28:54","guid":{"rendered":"https:\/\/tuboxer.com\/tienda\/product\/boxer-hombre-algodon-eyelit-4615-tiro-medio\/"},"modified":"2026-03-14T10:32:29","modified_gmt":"2026-03-14T13:32:29","slug":"boxer-hombre-algodon-eyelit-4615-tiro-medio","status":"publish","type":"product","link":"https:\/\/tuboxer.com\/tienda\/product\/boxer-hombre-algodon-eyelit-4615-tiro-medio\/","title":{"rendered":"Boxer Hombre Algodon Eyelit 4615 Tiro Medio"},"content":{"rendered":"<p>B\u00f3xer rayado sin costuras de algod\u00f3n natural elastizado.<br \/>\nDe calce anat\u00f3mico, se adapta c\u00f3modamente al cuerpo y al no tener costuras, no genera incomodidades o roces.<\/p>\n<p>COMPOSICI\u00d3N<br \/>\nAlgod\u00f3n natural 85%- Poliamida 10%- Elastano 5%.<\/p>\n<p>Los b\u00f3xer seamless se caracterizan por su elasticidad.\u00a0 Los b\u00f3xer son mas chicos debido a que son sin costura, al cuerpo. Se contempla el rebote de la prenda, es decir cuanto mas cede mas se ajusta el tama\u00f1o en las prendas.<\/p>\n<p>La equivalencia recomendada en la linea seamless es:<br \/>\nTalle 2\/S: 36 pantal\u00f3n<br \/>\nTalle 3\/M: 38 pantal\u00f3n<br \/>\nTalle 4\/L: 40\/42 pantal\u00f3n<br \/>\nTalle 5\/XL: 44\/46 pantal\u00f3n<br \/>\nTalle 6\/XXL: 48\/50 pantal\u00f3n <\/p>\n<p>Las Im\u00e1genes en la presente publicaci\u00f3n son a modo ilustrativo y corresponde s\u00f3lo al<br \/>\nc\u00f3digo del art\u00edculo detallado en la descripci\u00f3n.<\/p>\n<p>Venta directa de f\u00e1brica.<br \/>\nQueremos que tu experiencia sea la m\u00e1s placentera, es por esto, que estamos disponibles<br \/>\npara responder todas tus consultas!<\/p>\n<p>* Horario de atenci\u00f3n: 11 a 19hs (LUNES A VIERNES)<br \/>\n* Retiro en persona por deposito en Microcentro (Florida y Lavalle)<br \/>\n* Env\u00edos: A todo el pa\u00eds por Mercado Env\u00edos.<br \/>\n* Pago: \u00danicamente por Mercado Pago<br \/>\n* Cambio\/Devoluci\u00f3n<\/p>\n<p>PLAZO MAXIMO RECLAMO: 5 DIAS DE RECIBIDO EL PRODUCTO<br \/>\nIMPORTANTE:<\/p>\n<p>Para cambiar o devolver el producto es fundamental que el mismo conserve su<br \/>\nenvase, y deber\u00e1 presentar el ticket de compra. Estos requisitos son<br \/>\nINDISPENSABLES.<br \/>\nPara todos los casos deber\u00e1 comunicarse dentro de los 5 d\u00edas de recibido el<br \/>\nproducto para que se le indique como proceder.<br \/>\nEl costo log\u00edstico del cambio correr\u00e1 por cuenta nuestra solo en caso que el producto<br \/>\ncontenga fallas de f\u00e1brica, en los dem\u00e1s casos deber\u00e1 ser abonado por el cliente.<\/p>\n<p>&#8211; Compra m\u00faltiple:<br \/>\n* En caso de querer comprar m\u00e1s de un producto: \u00a1Agrega al carrito! \u00a1Aprovecha pagar<br \/>\nun solo env\u00edo y llevarte todo lo que necesites!<br \/>\n* Vendemos medias, b\u00f3xers, slips, remeras, camisetas, t-shirt, polo shirt, short de ba\u00f1o,<br \/>\npijamas, perfumes y muchas cosas m\u00e1s. \u00a1No dudes en consultarnos!<\/p>\n<p>Si est\u00e1s buscando productos extremadamente c\u00f3modos y de<br \/>\nexcelente calidad, que generan la sensaci\u00f3n de ligereza y<br \/>\nsuavidad, esta es tu mejor opci\u00f3n.<\/p>\n","protected":false},"excerpt":{"rendered":"<p><strong>Regalable:<\/strong> vppfull<br \/><strong>Edad:<\/strong> Adultos<br \/><strong>Marca:<\/strong> Eyelit<br \/><strong>Composici\u00f3n:<\/strong> 10% poliamida,5% elastano,algodon 85%<br \/><strong>G\u00e9nero filtrables:<\/strong> Hombre<\/p>\n","protected":false},"featured_media":16709,"template":"","meta":{"_uag_custom_page_level_css":"","iawp_total_views":2},"product_brand":[],"product_cat":[53],"product_tag":[],"class_list":{"0":"post-106406","1":"product","2":"type-product","3":"status-publish","4":"has-post-thumbnail","6":"product_cat-boxers-y-slips","8":"first","9":"instock","10":"taxable","11":"shipping-taxable","12":"purchasable","13":"product-type-variable"},"uagb_featured_image_src":{"full":["https:\/\/tuboxer.com\/tienda\/wp-content\/uploads\/2026\/01\/D_733845-MLA90217068093_082025-O-12.jpg",500,400,false],"thumbnail":["https:\/\/tuboxer.com\/tienda\/wp-content\/uploads\/2026\/01\/D_733845-MLA90217068093_082025-O-12-150x150.jpg",150,150,true],"medium":["https:\/\/tuboxer.com\/tienda\/wp-content\/uploads\/2026\/01\/D_733845-MLA90217068093_082025-O-12-300x240.jpg",300,240,true],"medium_large":["https:\/\/tuboxer.com\/tienda\/wp-content\/uploads\/2026\/01\/D_733845-MLA90217068093_082025-O-12.jpg",500,400,false],"large":["https:\/\/tuboxer.com\/tienda\/wp-content\/uploads\/2026\/01\/D_733845-MLA90217068093_082025-O-12.jpg",500,400,false],"1536x1536":["https:\/\/tuboxer.com\/tienda\/wp-content\/uploads\/2026\/01\/D_733845-MLA90217068093_082025-O-12.jpg",500,400,false],"2048x2048":["https:\/\/tuboxer.com\/tienda\/wp-content\/uploads\/2026\/01\/D_733845-MLA90217068093_082025-O-12.jpg",500,400,false],"woocommerce_thumbnail":["https:\/\/tuboxer.com\/tienda\/wp-content\/uploads\/2026\/01\/D_733845-MLA90217068093_082025-O-12-300x300.jpg",300,300,true],"woocommerce_single":["https:\/\/tuboxer.com\/tienda\/wp-content\/uploads\/2026\/01\/D_733845-MLA90217068093_082025-O-12.jpg",500,400,false],"woocommerce_gallery_thumbnail":["https:\/\/tuboxer.com\/tienda\/wp-content\/uploads\/2026\/01\/D_733845-MLA90217068093_082025-O-12-100x100.jpg",100,100,true]},"uagb_author_info":{"display_name":"","author_link":"https:\/\/tuboxer.com\/tienda\/author\/"},"uagb_comment_info":0,"uagb_excerpt":"Regalable: vppfullEdad: AdultosMarca: EyelitComposici\u00f3n: 10% poliamida,5% elastano,algodon 85%G\u00e9nero filtrables: Hombre","_links":{"self":[{"href":"https:\/\/tuboxer.com\/tienda\/wp-json\/wp\/v2\/product\/106406","targetHints":{"allow":["GET"]}}],"collection":[{"href":"https:\/\/tuboxer.com\/tienda\/wp-json\/wp\/v2\/product"}],"about":[{"href":"https:\/\/tuboxer.com\/tienda\/wp-json\/wp\/v2\/types\/product"}],"version-history":[{"count":0,"href":"https:\/\/tuboxer.com\/tienda\/wp-json\/wp\/v2\/product\/106406\/revisions"}],"wp:featuredmedia":[{"embeddable":true,"href":"https:\/\/tuboxer.com\/tienda\/wp-json\/wp\/v2\/media\/16709"}],"wp:attachment":[{"href":"https:\/\/tuboxer.com\/tienda\/wp-json\/wp\/v2\/media?parent=106406"}],"wp:term":[{"taxonomy":"product_brand","embeddable":true,"href":"https:\/\/tuboxer.com\/tienda\/wp-json\/wp\/v2\/product_brand?post=106406"},{"taxonomy":"product_cat","embeddable":true,"href":"https:\/\/tuboxer.com\/tienda\/wp-json\/wp\/v2\/product_cat?post=106406"},{"taxonomy":"product_tag","embeddable":true,"href":"https:\/\/tuboxer.com\/tienda\/wp-json\/wp\/v2\/product_tag?post=106406"}],"curies":[{"name":"wp","href":"https:\/\/api.w.org\/{rel}","templated":true}]}}