{"id":106452,"date":"2026-02-09T05:28:56","date_gmt":"2026-02-09T08:28:56","guid":{"rendered":"https:\/\/tuboxer.com\/tienda\/product\/medias-hombre-de-vestir-algodon-liso-media-cana-eyelit\/"},"modified":"2026-02-23T07:39:02","modified_gmt":"2026-02-23T10:39:02","slug":"medias-hombre-de-vestir-algodon-liso-media-cana-eyelit","status":"publish","type":"product","link":"https:\/\/tuboxer.com\/tienda\/product\/medias-hombre-de-vestir-algodon-liso-media-cana-eyelit\/","title":{"rendered":"Medias Hombre De Vestir Algodon Liso Media Ca\u00f1a Eyelit"},"content":{"rendered":"<p>Medias de Vestir Hombre Eyelit 3370 Algodon Liso Media Ca\u00f1a<\/p>\n<p>Talle \u00danico. Se adapta confortablemente al pie<br \/>\nComposici\u00f3n: Algod\u00f3n 85% &#8211; Poliamida 10% &#8211; Elastano 5%<\/p>\n<p>Venta directa de fabrica<br \/>\nTuBoxer &#8211; Distribuidor Oficial by Eyelit<\/p>\n","protected":false},"excerpt":{"rendered":"<p><strong>Marca:<\/strong> Eyelit<br \/><strong>Modelo:<\/strong> 3370<br \/><strong>Edad:<\/strong> Adultos<br \/><strong>Composici\u00f3n:<\/strong> Algod\u00f3n 85% &#8211; Poliamida 10% &#8211; Elastano 5%<br \/><strong>G\u00e9nero filtrables:<\/strong> Hombre<\/p>\n","protected":false},"featured_media":17064,"template":"","meta":{"_uag_custom_page_level_css":"","iawp_total_views":0},"product_brand":[],"product_cat":[55],"product_tag":[],"class_list":{"0":"post-106452","1":"product","2":"type-product","3":"status-publish","4":"has-post-thumbnail","6":"product_cat-medias","8":"first","9":"instock","10":"taxable","11":"shipping-taxable","12":"purchasable","13":"product-type-variable"},"uagb_featured_image_src":{"full":["https:\/\/tuboxer.com\/tienda\/wp-content\/uploads\/2026\/01\/D_702931-MLA90321135313_082025-O-10.jpg",310,500,false],"thumbnail":["https:\/\/tuboxer.com\/tienda\/wp-content\/uploads\/2026\/01\/D_702931-MLA90321135313_082025-O-10-150x150.jpg",150,150,true],"medium":["https:\/\/tuboxer.com\/tienda\/wp-content\/uploads\/2026\/01\/D_702931-MLA90321135313_082025-O-10-186x300.jpg",186,300,true],"medium_large":["https:\/\/tuboxer.com\/tienda\/wp-content\/uploads\/2026\/01\/D_702931-MLA90321135313_082025-O-10.jpg",310,500,false],"large":["https:\/\/tuboxer.com\/tienda\/wp-content\/uploads\/2026\/01\/D_702931-MLA90321135313_082025-O-10.jpg",310,500,false],"1536x1536":["https:\/\/tuboxer.com\/tienda\/wp-content\/uploads\/2026\/01\/D_702931-MLA90321135313_082025-O-10.jpg",310,500,false],"2048x2048":["https:\/\/tuboxer.com\/tienda\/wp-content\/uploads\/2026\/01\/D_702931-MLA90321135313_082025-O-10.jpg",310,500,false],"woocommerce_thumbnail":["https:\/\/tuboxer.com\/tienda\/wp-content\/uploads\/2026\/01\/D_702931-MLA90321135313_082025-O-10-300x300.jpg",300,300,true],"woocommerce_single":["https:\/\/tuboxer.com\/tienda\/wp-content\/uploads\/2026\/01\/D_702931-MLA90321135313_082025-O-10.jpg",310,500,false],"woocommerce_gallery_thumbnail":["https:\/\/tuboxer.com\/tienda\/wp-content\/uploads\/2026\/01\/D_702931-MLA90321135313_082025-O-10-100x100.jpg",100,100,true]},"uagb_author_info":{"display_name":"","author_link":"https:\/\/tuboxer.com\/tienda\/author\/"},"uagb_comment_info":0,"uagb_excerpt":"Marca: EyelitModelo: 3370Edad: AdultosComposici\u00f3n: Algod\u00f3n 85% - Poliamida 10% - Elastano 5%G\u00e9nero filtrables: Hombre","_links":{"self":[{"href":"https:\/\/tuboxer.com\/tienda\/wp-json\/wp\/v2\/product\/106452","targetHints":{"allow":["GET"]}}],"collection":[{"href":"https:\/\/tuboxer.com\/tienda\/wp-json\/wp\/v2\/product"}],"about":[{"href":"https:\/\/tuboxer.com\/tienda\/wp-json\/wp\/v2\/types\/product"}],"version-history":[{"count":0,"href":"https:\/\/tuboxer.com\/tienda\/wp-json\/wp\/v2\/product\/106452\/revisions"}],"wp:featuredmedia":[{"embeddable":true,"href":"https:\/\/tuboxer.com\/tienda\/wp-json\/wp\/v2\/media\/17064"}],"wp:attachment":[{"href":"https:\/\/tuboxer.com\/tienda\/wp-json\/wp\/v2\/media?parent=106452"}],"wp:term":[{"taxonomy":"product_brand","embeddable":true,"href":"https:\/\/tuboxer.com\/tienda\/wp-json\/wp\/v2\/product_brand?post=106452"},{"taxonomy":"product_cat","embeddable":true,"href":"https:\/\/tuboxer.com\/tienda\/wp-json\/wp\/v2\/product_cat?post=106452"},{"taxonomy":"product_tag","embeddable":true,"href":"https:\/\/tuboxer.com\/tienda\/wp-json\/wp\/v2\/product_tag?post=106452"}],"curies":[{"name":"wp","href":"https:\/\/api.w.org\/{rel}","templated":true}]}}