{"id":106458,"date":"2026-02-09T05:28:57","date_gmt":"2026-02-09T08:28:57","guid":{"rendered":"https:\/\/tuboxer.com\/tienda\/product\/boxer-hombre-microfibra-confort-linea-deportiva-eyelit-638\/"},"modified":"2026-03-14T10:32:29","modified_gmt":"2026-03-14T13:32:29","slug":"boxer-hombre-microfibra-confort-linea-deportiva-eyelit-638","status":"publish","type":"product","link":"https:\/\/tuboxer.com\/tienda\/product\/boxer-hombre-microfibra-confort-linea-deportiva-eyelit-638\/","title":{"rendered":"Boxer Hombre Microfibra Confort Linea Deportiva Eyelit 638"},"content":{"rendered":"<p>B\u00f3xer de microfibra con el\u00e1stico a la vista al tono con terminaciones termoselladas y transfer en delantero y espalda. Una prenda anat\u00f3mica, liviana y confortable.<\/p>\n<p>Las Im\u00e1genes en la presente publicaci\u00f3n son a modo ilustrativo y corresponde s\u00f3lo al c\u00f3digo del art\u00edculo detallado en la descripci\u00f3n.<br \/>\n-Venta directa de f\u00e1brica.<\/p>\n<p>TUBOXER<br \/>\nDISTRIBUIDOR OFICIAL EYELIT<\/p>\n","protected":false},"excerpt":{"rendered":"<p><strong>Regalable:<\/strong> vppfull<br \/><strong>Edad:<\/strong> Adultos<br \/><strong>Marca:<\/strong> Eyelit<br \/><strong>Composici\u00f3n:<\/strong> Microfibra<br \/><strong>G\u00e9nero filtrables:<\/strong> Hombre<\/p>\n","protected":false},"featured_media":17039,"template":"","meta":{"_uag_custom_page_level_css":"","iawp_total_views":2},"product_brand":[],"product_cat":[53],"product_tag":[],"class_list":{"0":"post-106458","1":"product","2":"type-product","3":"status-publish","4":"has-post-thumbnail","6":"product_cat-boxers-y-slips","8":"first","9":"instock","10":"taxable","11":"shipping-taxable","12":"purchasable","13":"product-type-variable"},"uagb_featured_image_src":{"full":["https:\/\/tuboxer.com\/tienda\/wp-content\/uploads\/2026\/01\/D_609832-MLA90313148465_082025-O-11.jpg",433,500,false],"thumbnail":["https:\/\/tuboxer.com\/tienda\/wp-content\/uploads\/2026\/01\/D_609832-MLA90313148465_082025-O-11-150x150.jpg",150,150,true],"medium":["https:\/\/tuboxer.com\/tienda\/wp-content\/uploads\/2026\/01\/D_609832-MLA90313148465_082025-O-11-260x300.jpg",260,300,true],"medium_large":["https:\/\/tuboxer.com\/tienda\/wp-content\/uploads\/2026\/01\/D_609832-MLA90313148465_082025-O-11.jpg",433,500,false],"large":["https:\/\/tuboxer.com\/tienda\/wp-content\/uploads\/2026\/01\/D_609832-MLA90313148465_082025-O-11.jpg",433,500,false],"1536x1536":["https:\/\/tuboxer.com\/tienda\/wp-content\/uploads\/2026\/01\/D_609832-MLA90313148465_082025-O-11.jpg",433,500,false],"2048x2048":["https:\/\/tuboxer.com\/tienda\/wp-content\/uploads\/2026\/01\/D_609832-MLA90313148465_082025-O-11.jpg",433,500,false],"woocommerce_thumbnail":["https:\/\/tuboxer.com\/tienda\/wp-content\/uploads\/2026\/01\/D_609832-MLA90313148465_082025-O-11-300x300.jpg",300,300,true],"woocommerce_single":["https:\/\/tuboxer.com\/tienda\/wp-content\/uploads\/2026\/01\/D_609832-MLA90313148465_082025-O-11.jpg",433,500,false],"woocommerce_gallery_thumbnail":["https:\/\/tuboxer.com\/tienda\/wp-content\/uploads\/2026\/01\/D_609832-MLA90313148465_082025-O-11-100x100.jpg",100,100,true]},"uagb_author_info":{"display_name":"","author_link":"https:\/\/tuboxer.com\/tienda\/author\/"},"uagb_comment_info":0,"uagb_excerpt":"Regalable: vppfullEdad: AdultosMarca: EyelitComposici\u00f3n: MicrofibraG\u00e9nero filtrables: Hombre","_links":{"self":[{"href":"https:\/\/tuboxer.com\/tienda\/wp-json\/wp\/v2\/product\/106458","targetHints":{"allow":["GET"]}}],"collection":[{"href":"https:\/\/tuboxer.com\/tienda\/wp-json\/wp\/v2\/product"}],"about":[{"href":"https:\/\/tuboxer.com\/tienda\/wp-json\/wp\/v2\/types\/product"}],"version-history":[{"count":0,"href":"https:\/\/tuboxer.com\/tienda\/wp-json\/wp\/v2\/product\/106458\/revisions"}],"wp:featuredmedia":[{"embeddable":true,"href":"https:\/\/tuboxer.com\/tienda\/wp-json\/wp\/v2\/media\/17039"}],"wp:attachment":[{"href":"https:\/\/tuboxer.com\/tienda\/wp-json\/wp\/v2\/media?parent=106458"}],"wp:term":[{"taxonomy":"product_brand","embeddable":true,"href":"https:\/\/tuboxer.com\/tienda\/wp-json\/wp\/v2\/product_brand?post=106458"},{"taxonomy":"product_cat","embeddable":true,"href":"https:\/\/tuboxer.com\/tienda\/wp-json\/wp\/v2\/product_cat?post=106458"},{"taxonomy":"product_tag","embeddable":true,"href":"https:\/\/tuboxer.com\/tienda\/wp-json\/wp\/v2\/product_tag?post=106458"}],"curies":[{"name":"wp","href":"https:\/\/api.w.org\/{rel}","templated":true}]}}