{"id":106474,"date":"2026-02-09T05:28:58","date_gmt":"2026-02-09T08:28:58","guid":{"rendered":"https:\/\/tuboxer.com\/tienda\/product\/boxer-hombre-fibra-bamboo-eyelit-570-nueva-linea\/"},"modified":"2026-03-14T10:32:29","modified_gmt":"2026-03-14T13:32:29","slug":"boxer-hombre-fibra-bamboo-eyelit-570-nueva-linea","status":"publish","type":"product","link":"https:\/\/tuboxer.com\/tienda\/product\/boxer-hombre-fibra-bamboo-eyelit-570-nueva-linea\/","title":{"rendered":"Boxer Hombre Fibra Bamboo Eyelit 570 Nueva Linea"},"content":{"rendered":"<p>EYELIT<\/p>\n<p>Boxer de bamb\u00fa elastizado. De calce levemente ajustado, su tejido super suave y aterciopelado se adapta confortablemente al cuerpo.<br \/>\nEl tejido de bamb\u00fa te mantiene el cuerpo fresco en verano y en invierno conserva la temperatura, lo que lo hace ideal para todo el a\u00f1o.<br \/>\nVas a estar tan c\u00f3modo que no vas a querer usar otros.<\/p>\n<p>Articulo: 570<br \/>\nComposici\u00f3n: Bambu 94%, Elastano 6%<\/p>\n<p>Talles: S a XXL<\/p>\n<p>Gu\u00eda de talles:<br \/>\n36\/38 = S<br \/>\n40\/42 = M<br \/>\n44\/46 = L<br \/>\n48\/50 = XL<br \/>\n52\/54 = XXL<\/p>\n<p>Colores disponibles:<br \/>\n&#8211; Negro<br \/>\n&#8211; Azul Marino<br \/>\n&#8211; Gris Perla \/ Gris Melange<\/p>\n<p>Venta directa de fabrica<br \/>\nTuBoxer &#8211; Distribuidor Oficial by Eyelit<\/p>\n","protected":false},"excerpt":{"rendered":"<p><strong>Regalable:<\/strong> vppfull<br \/><strong>Edad:<\/strong> Adultos<br \/><strong>Marca:<\/strong> Eyelit<br \/><strong>Composici\u00f3n:<\/strong> Bamb\u00fa<br \/><strong>G\u00e9nero filtrables:<\/strong> Hombre<\/p>\n","protected":false},"featured_media":17151,"template":"","meta":{"_uag_custom_page_level_css":"","iawp_total_views":6},"product_brand":[],"product_cat":[53],"product_tag":[],"class_list":{"0":"post-106474","1":"product","2":"type-product","3":"status-publish","4":"has-post-thumbnail","6":"product_cat-boxers-y-slips","8":"first","9":"instock","10":"taxable","11":"shipping-taxable","12":"purchasable","13":"product-type-variable"},"uagb_featured_image_src":{"full":["https:\/\/tuboxer.com\/tienda\/wp-content\/uploads\/2026\/01\/D_744032-MLA89907835548_082025-O-10.jpg",400,500,false],"thumbnail":["https:\/\/tuboxer.com\/tienda\/wp-content\/uploads\/2026\/01\/D_744032-MLA89907835548_082025-O-10-150x150.jpg",150,150,true],"medium":["https:\/\/tuboxer.com\/tienda\/wp-content\/uploads\/2026\/01\/D_744032-MLA89907835548_082025-O-10-240x300.jpg",240,300,true],"medium_large":["https:\/\/tuboxer.com\/tienda\/wp-content\/uploads\/2026\/01\/D_744032-MLA89907835548_082025-O-10.jpg",400,500,false],"large":["https:\/\/tuboxer.com\/tienda\/wp-content\/uploads\/2026\/01\/D_744032-MLA89907835548_082025-O-10.jpg",400,500,false],"1536x1536":["https:\/\/tuboxer.com\/tienda\/wp-content\/uploads\/2026\/01\/D_744032-MLA89907835548_082025-O-10.jpg",400,500,false],"2048x2048":["https:\/\/tuboxer.com\/tienda\/wp-content\/uploads\/2026\/01\/D_744032-MLA89907835548_082025-O-10.jpg",400,500,false],"woocommerce_thumbnail":["https:\/\/tuboxer.com\/tienda\/wp-content\/uploads\/2026\/01\/D_744032-MLA89907835548_082025-O-10-300x300.jpg",300,300,true],"woocommerce_single":["https:\/\/tuboxer.com\/tienda\/wp-content\/uploads\/2026\/01\/D_744032-MLA89907835548_082025-O-10.jpg",400,500,false],"woocommerce_gallery_thumbnail":["https:\/\/tuboxer.com\/tienda\/wp-content\/uploads\/2026\/01\/D_744032-MLA89907835548_082025-O-10-100x100.jpg",100,100,true]},"uagb_author_info":{"display_name":"","author_link":"https:\/\/tuboxer.com\/tienda\/author\/"},"uagb_comment_info":0,"uagb_excerpt":"Regalable: vppfullEdad: AdultosMarca: EyelitComposici\u00f3n: Bamb\u00faG\u00e9nero filtrables: Hombre","_links":{"self":[{"href":"https:\/\/tuboxer.com\/tienda\/wp-json\/wp\/v2\/product\/106474","targetHints":{"allow":["GET"]}}],"collection":[{"href":"https:\/\/tuboxer.com\/tienda\/wp-json\/wp\/v2\/product"}],"about":[{"href":"https:\/\/tuboxer.com\/tienda\/wp-json\/wp\/v2\/types\/product"}],"version-history":[{"count":0,"href":"https:\/\/tuboxer.com\/tienda\/wp-json\/wp\/v2\/product\/106474\/revisions"}],"wp:featuredmedia":[{"embeddable":true,"href":"https:\/\/tuboxer.com\/tienda\/wp-json\/wp\/v2\/media\/17151"}],"wp:attachment":[{"href":"https:\/\/tuboxer.com\/tienda\/wp-json\/wp\/v2\/media?parent=106474"}],"wp:term":[{"taxonomy":"product_brand","embeddable":true,"href":"https:\/\/tuboxer.com\/tienda\/wp-json\/wp\/v2\/product_brand?post=106474"},{"taxonomy":"product_cat","embeddable":true,"href":"https:\/\/tuboxer.com\/tienda\/wp-json\/wp\/v2\/product_cat?post=106474"},{"taxonomy":"product_tag","embeddable":true,"href":"https:\/\/tuboxer.com\/tienda\/wp-json\/wp\/v2\/product_tag?post=106474"}],"curies":[{"name":"wp","href":"https:\/\/api.w.org\/{rel}","templated":true}]}}