{"id":106509,"date":"2026-02-09T05:28:58","date_gmt":"2026-02-09T08:28:58","guid":{"rendered":"https:\/\/tuboxer.com\/tienda\/product\/boxer-short-hombre-sin-costuras-rayado-eyelit-pack-x2\/"},"modified":"2026-03-14T10:32:29","modified_gmt":"2026-03-14T13:32:29","slug":"boxer-short-hombre-sin-costuras-rayado-eyelit-pack-x2","status":"publish","type":"product","link":"https:\/\/tuboxer.com\/tienda\/product\/boxer-short-hombre-sin-costuras-rayado-eyelit-pack-x2\/","title":{"rendered":"Boxer Short Hombre Sin Costuras Rayado Eyelit Pack X2"},"content":{"rendered":"<p>Un packaging ideal para un obsequio de primera calidad y econ\u00f3mico <\/p>\n<p>Pack de 2 B\u00f3xer Eyelit Modelo 4625.<br \/>\nB\u00f3xer Seamless (sin costura) rayado<br \/>\nCalce: Regular<\/p>\n<p>Composici\u00f3n: 85% algod\u00f3n, 10% poliamida y 5% elastano.<\/p>\n<p>El pack se env\u00eda con colores surtidos dentro de los publicados en las fotos.<\/p>\n<p>TODOS NUESTROS PRODUCTOS SON ORIGINALES.<\/p>\n<p>Preguntas Frecuentes:<br \/>\n&#8211; \u00bfTienen Stock?<br \/>\nTenemos stock de todos los Colores\/Dise\u00f1os que puedas seleccionar. Si no se puede seleccionarlo es porque no nos queda m\u00e1s por el momento.<\/p>\n<p>&#8211; \u00bfHacen env\u00edos?<br \/>\nSi, hacemos env\u00edos a todo el pa\u00eds, a trav\u00e9s de Mercado Env\u00edos. Si cargas el c\u00f3digo postal en tu perfil va a aparecer los tiempos y costos de env\u00edo (si los hubiese).<br \/>\nPara env\u00edos en el d\u00eda las compras deben realizarse antes de las 14 horas, y la entrega se realiza entre las 15 y las 21 horas. Compras posteriores a las 14 horas, se entregan al d\u00eda siguiente en el horario marcado.<\/p>\n<p>&#8211; \u00bfPuedo pedir varios productos y que me llegue todo junto?<br \/>\nDebajo del bot\u00f3n de compra tiene la opci\u00f3n &#8220;Agregar al carrito&#8221;. Agrega la cantidad que quieras de cada dise\u00f1o\/color tocando en este bot\u00f3n y luego paga al final para que te llegue todo junto en un mismo env\u00edo.<\/p>\n<p>-\u00bfC\u00f3mo hago seguimiento del env\u00edo?<br \/>\nIngresando a la plataforma de Mercado Libre, en el detalle de tu compra, se te va a aparecer un c\u00f3digo con su respectivo link d\u00f3nde vas a poder hacer el seguimiento con la empresa encargada de entregarte el art\u00edculo.<\/p>\n<p>&#8211; \u00bfC\u00f3mo se paga?<br \/>\nPuedes realizarlo por todos los medios de pago que ofrece Mercado Pago. Tiene convenios con bancos seleccionados y los puedes ver en la plataforma de Mercado Pago.<\/p>\n","protected":false},"excerpt":{"rendered":"<p><strong>Regalable:<\/strong> vppfull<br \/><strong>Edad:<\/strong> Adultos<br \/><strong>Marca:<\/strong> Eyelit<br \/><strong>Composici\u00f3n:<\/strong> 10% poliamida,5% elastano,85% algod\u00f3n<br \/><strong>G\u00e9nero filtrables:<\/strong> Hombre<\/p>\n","protected":false},"featured_media":17175,"template":"","meta":{"_uag_custom_page_level_css":"","iawp_total_views":1},"product_brand":[],"product_cat":[53],"product_tag":[],"class_list":{"0":"post-106509","1":"product","2":"type-product","3":"status-publish","4":"has-post-thumbnail","6":"product_cat-boxers-y-slips","8":"first","9":"instock","10":"taxable","11":"shipping-taxable","12":"purchasable","13":"product-type-variable"},"uagb_featured_image_src":{"full":["https:\/\/tuboxer.com\/tienda\/wp-content\/uploads\/2026\/01\/D_696976-MLA90888681862_082025-O-11.jpg",277,500,false],"thumbnail":["https:\/\/tuboxer.com\/tienda\/wp-content\/uploads\/2026\/01\/D_696976-MLA90888681862_082025-O-11-150x150.jpg",150,150,true],"medium":["https:\/\/tuboxer.com\/tienda\/wp-content\/uploads\/2026\/01\/D_696976-MLA90888681862_082025-O-11-166x300.jpg",166,300,true],"medium_large":["https:\/\/tuboxer.com\/tienda\/wp-content\/uploads\/2026\/01\/D_696976-MLA90888681862_082025-O-11.jpg",277,500,false],"large":["https:\/\/tuboxer.com\/tienda\/wp-content\/uploads\/2026\/01\/D_696976-MLA90888681862_082025-O-11.jpg",277,500,false],"1536x1536":["https:\/\/tuboxer.com\/tienda\/wp-content\/uploads\/2026\/01\/D_696976-MLA90888681862_082025-O-11.jpg",277,500,false],"2048x2048":["https:\/\/tuboxer.com\/tienda\/wp-content\/uploads\/2026\/01\/D_696976-MLA90888681862_082025-O-11.jpg",277,500,false],"woocommerce_thumbnail":["https:\/\/tuboxer.com\/tienda\/wp-content\/uploads\/2026\/01\/D_696976-MLA90888681862_082025-O-11-277x300.jpg",277,300,true],"woocommerce_single":["https:\/\/tuboxer.com\/tienda\/wp-content\/uploads\/2026\/01\/D_696976-MLA90888681862_082025-O-11.jpg",277,500,false],"woocommerce_gallery_thumbnail":["https:\/\/tuboxer.com\/tienda\/wp-content\/uploads\/2026\/01\/D_696976-MLA90888681862_082025-O-11-100x100.jpg",100,100,true]},"uagb_author_info":{"display_name":"","author_link":"https:\/\/tuboxer.com\/tienda\/author\/"},"uagb_comment_info":0,"uagb_excerpt":"Regalable: vppfullEdad: AdultosMarca: EyelitComposici\u00f3n: 10% poliamida,5% elastano,85% algod\u00f3nG\u00e9nero filtrables: Hombre","_links":{"self":[{"href":"https:\/\/tuboxer.com\/tienda\/wp-json\/wp\/v2\/product\/106509","targetHints":{"allow":["GET"]}}],"collection":[{"href":"https:\/\/tuboxer.com\/tienda\/wp-json\/wp\/v2\/product"}],"about":[{"href":"https:\/\/tuboxer.com\/tienda\/wp-json\/wp\/v2\/types\/product"}],"version-history":[{"count":2,"href":"https:\/\/tuboxer.com\/tienda\/wp-json\/wp\/v2\/product\/106509\/revisions"}],"predecessor-version":[{"id":1051405,"href":"https:\/\/tuboxer.com\/tienda\/wp-json\/wp\/v2\/product\/106509\/revisions\/1051405"}],"wp:featuredmedia":[{"embeddable":true,"href":"https:\/\/tuboxer.com\/tienda\/wp-json\/wp\/v2\/media\/17175"}],"wp:attachment":[{"href":"https:\/\/tuboxer.com\/tienda\/wp-json\/wp\/v2\/media?parent=106509"}],"wp:term":[{"taxonomy":"product_brand","embeddable":true,"href":"https:\/\/tuboxer.com\/tienda\/wp-json\/wp\/v2\/product_brand?post=106509"},{"taxonomy":"product_cat","embeddable":true,"href":"https:\/\/tuboxer.com\/tienda\/wp-json\/wp\/v2\/product_cat?post=106509"},{"taxonomy":"product_tag","embeddable":true,"href":"https:\/\/tuboxer.com\/tienda\/wp-json\/wp\/v2\/product_tag?post=106509"}],"curies":[{"name":"wp","href":"https:\/\/api.w.org\/{rel}","templated":true}]}}