{"id":106513,"date":"2026-02-09T05:28:59","date_gmt":"2026-02-09T08:28:59","guid":{"rendered":"https:\/\/tuboxer.com\/tienda\/product\/medias-hombre-algodon-3-4-eyelit-pack-x3\/"},"modified":"2026-02-18T15:47:01","modified_gmt":"2026-02-18T18:47:01","slug":"medias-hombre-algodon-3-4-eyelit-pack-x3","status":"publish","type":"product","link":"https:\/\/tuboxer.com\/tienda\/product\/medias-hombre-algodon-3-4-eyelit-pack-x3\/","title":{"rendered":"Medias Hombre Algodon 3\/4 Eyelit Pack X3"},"content":{"rendered":"<p>Pack x3 Media constelaci\u00f3n Eyelit Mod 3419<\/p>\n<p>Composici\u00f3n: Algod\u00f3n 85% &#8211; Poliamida 10% &#8211; Elastano 5%<\/p>\n<p>El pack se env\u00eda con colores surtidos dentro de los publicados en las fotos.<\/p>\n<p>TODOS NUESTROS PRODUCTOS SON ORIGINALES.<\/p>\n<p>TUBOXER<br \/>\nDISTRIBUIDOR OFICIAL EYELIT<\/p>\n","protected":false},"excerpt":{"rendered":"<p><strong>Marca:<\/strong> Eyelit<br \/><strong>Modelo:<\/strong> 3419<br \/><strong>Edad:<\/strong> Adultos<br \/><strong>Composici\u00f3n:<\/strong> 85% algod\u00f3n &#8211; 10% poliamida &#8211; 5% elastano<br \/><strong>G\u00e9nero filtrables:<\/strong> Hombre<\/p>\n","protected":false},"featured_media":16757,"template":"","meta":{"_uag_custom_page_level_css":"","iawp_total_views":0},"product_brand":[],"product_cat":[55],"product_tag":[],"class_list":{"0":"post-106513","1":"product","2":"type-product","3":"status-publish","4":"has-post-thumbnail","6":"product_cat-medias","8":"first","9":"instock","10":"taxable","11":"shipping-taxable","12":"purchasable","13":"product-type-simple"},"uagb_featured_image_src":{"full":["https:\/\/tuboxer.com\/tienda\/wp-content\/uploads\/2026\/01\/D_823463-MLA98157165423_112025-O-11.jpg",389,500,false],"thumbnail":["https:\/\/tuboxer.com\/tienda\/wp-content\/uploads\/2026\/01\/D_823463-MLA98157165423_112025-O-11-150x150.jpg",150,150,true],"medium":["https:\/\/tuboxer.com\/tienda\/wp-content\/uploads\/2026\/01\/D_823463-MLA98157165423_112025-O-11-233x300.jpg",233,300,true],"medium_large":["https:\/\/tuboxer.com\/tienda\/wp-content\/uploads\/2026\/01\/D_823463-MLA98157165423_112025-O-11.jpg",389,500,false],"large":["https:\/\/tuboxer.com\/tienda\/wp-content\/uploads\/2026\/01\/D_823463-MLA98157165423_112025-O-11.jpg",389,500,false],"1536x1536":["https:\/\/tuboxer.com\/tienda\/wp-content\/uploads\/2026\/01\/D_823463-MLA98157165423_112025-O-11.jpg",389,500,false],"2048x2048":["https:\/\/tuboxer.com\/tienda\/wp-content\/uploads\/2026\/01\/D_823463-MLA98157165423_112025-O-11.jpg",389,500,false],"woocommerce_thumbnail":["https:\/\/tuboxer.com\/tienda\/wp-content\/uploads\/2026\/01\/D_823463-MLA98157165423_112025-O-11-300x300.jpg",300,300,true],"woocommerce_single":["https:\/\/tuboxer.com\/tienda\/wp-content\/uploads\/2026\/01\/D_823463-MLA98157165423_112025-O-11.jpg",389,500,false],"woocommerce_gallery_thumbnail":["https:\/\/tuboxer.com\/tienda\/wp-content\/uploads\/2026\/01\/D_823463-MLA98157165423_112025-O-11-100x100.jpg",100,100,true]},"uagb_author_info":{"display_name":"","author_link":"https:\/\/tuboxer.com\/tienda\/author\/"},"uagb_comment_info":0,"uagb_excerpt":"Marca: EyelitModelo: 3419Edad: AdultosComposici\u00f3n: 85% algod\u00f3n - 10% poliamida - 5% elastanoG\u00e9nero filtrables: Hombre","_links":{"self":[{"href":"https:\/\/tuboxer.com\/tienda\/wp-json\/wp\/v2\/product\/106513","targetHints":{"allow":["GET"]}}],"collection":[{"href":"https:\/\/tuboxer.com\/tienda\/wp-json\/wp\/v2\/product"}],"about":[{"href":"https:\/\/tuboxer.com\/tienda\/wp-json\/wp\/v2\/types\/product"}],"version-history":[{"count":0,"href":"https:\/\/tuboxer.com\/tienda\/wp-json\/wp\/v2\/product\/106513\/revisions"}],"wp:featuredmedia":[{"embeddable":true,"href":"https:\/\/tuboxer.com\/tienda\/wp-json\/wp\/v2\/media\/16757"}],"wp:attachment":[{"href":"https:\/\/tuboxer.com\/tienda\/wp-json\/wp\/v2\/media?parent=106513"}],"wp:term":[{"taxonomy":"product_brand","embeddable":true,"href":"https:\/\/tuboxer.com\/tienda\/wp-json\/wp\/v2\/product_brand?post=106513"},{"taxonomy":"product_cat","embeddable":true,"href":"https:\/\/tuboxer.com\/tienda\/wp-json\/wp\/v2\/product_cat?post=106513"},{"taxonomy":"product_tag","embeddable":true,"href":"https:\/\/tuboxer.com\/tienda\/wp-json\/wp\/v2\/product_tag?post=106513"}],"curies":[{"name":"wp","href":"https:\/\/api.w.org\/{rel}","templated":true}]}}