{"id":106612,"date":"2026-02-09T05:29:02","date_gmt":"2026-02-09T08:29:02","guid":{"rendered":"https:\/\/tuboxer.com\/tienda\/product\/remera-hombre-algodon-cuello-redondo-pack-x2-eyelit\/"},"modified":"2026-03-14T10:32:29","modified_gmt":"2026-03-14T13:32:29","slug":"remera-hombre-algodon-cuello-redondo-pack-x2-eyelit","status":"publish","type":"product","link":"https:\/\/tuboxer.com\/tienda\/product\/remera-hombre-algodon-cuello-redondo-pack-x2-eyelit\/","title":{"rendered":"Remera Hombre Algodon Cuello Redondo Pack X2 Eyelit"},"content":{"rendered":"<p>Pack 2 camisetas Eyelit Algod\u00f3n Verano<br \/>\nCuello Redondo<br \/>\nEl pack contiene:<br \/>\n1 Remera Blanca y 1 Remera Negra (Los packs vienen combinados de fabrica)<\/p>\n<p>Talles:<br \/>\nS: 38<br \/>\nM : 40<br \/>\nL : 42<br \/>\nXL: 44<br \/>\nXXL:46<br \/>\nXXXL: 48<\/p>\n<p>TUBOXER<br \/>\nDISTRIBUIDOR OFICIAL EYELIT<\/p>\n","protected":false},"excerpt":{"rendered":"<p><strong>Regalable:<\/strong> vppfull<br \/><strong>Edad:<\/strong> Adultos<br \/><strong>Marca:<\/strong> Eyelit<br \/><strong>Composici\u00f3n:<\/strong> 100% algod\u00f3n<br \/><strong>Tipo de tela:<\/strong> Algod\u00f3n<\/p>\n","protected":false},"featured_media":16931,"template":"","meta":{"_uag_custom_page_level_css":"","iawp_total_views":0},"product_brand":[],"product_cat":[56],"product_tag":[],"class_list":{"0":"post-106612","1":"product","2":"type-product","3":"status-publish","4":"has-post-thumbnail","6":"product_cat-remeras-musculosas-y-chombas","8":"first","9":"instock","10":"taxable","11":"shipping-taxable","12":"purchasable","13":"product-type-variable"},"uagb_featured_image_src":{"full":["https:\/\/tuboxer.com\/tienda\/wp-content\/uploads\/2026\/01\/D_857041-MLA90311959731_082025-O-10.jpg",390,500,false],"thumbnail":["https:\/\/tuboxer.com\/tienda\/wp-content\/uploads\/2026\/01\/D_857041-MLA90311959731_082025-O-10-150x150.jpg",150,150,true],"medium":["https:\/\/tuboxer.com\/tienda\/wp-content\/uploads\/2026\/01\/D_857041-MLA90311959731_082025-O-10-234x300.jpg",234,300,true],"medium_large":["https:\/\/tuboxer.com\/tienda\/wp-content\/uploads\/2026\/01\/D_857041-MLA90311959731_082025-O-10.jpg",390,500,false],"large":["https:\/\/tuboxer.com\/tienda\/wp-content\/uploads\/2026\/01\/D_857041-MLA90311959731_082025-O-10.jpg",390,500,false],"1536x1536":["https:\/\/tuboxer.com\/tienda\/wp-content\/uploads\/2026\/01\/D_857041-MLA90311959731_082025-O-10.jpg",390,500,false],"2048x2048":["https:\/\/tuboxer.com\/tienda\/wp-content\/uploads\/2026\/01\/D_857041-MLA90311959731_082025-O-10.jpg",390,500,false],"woocommerce_thumbnail":["https:\/\/tuboxer.com\/tienda\/wp-content\/uploads\/2026\/01\/D_857041-MLA90311959731_082025-O-10-300x300.jpg",300,300,true],"woocommerce_single":["https:\/\/tuboxer.com\/tienda\/wp-content\/uploads\/2026\/01\/D_857041-MLA90311959731_082025-O-10.jpg",390,500,false],"woocommerce_gallery_thumbnail":["https:\/\/tuboxer.com\/tienda\/wp-content\/uploads\/2026\/01\/D_857041-MLA90311959731_082025-O-10-100x100.jpg",100,100,true]},"uagb_author_info":{"display_name":"","author_link":"https:\/\/tuboxer.com\/tienda\/author\/"},"uagb_comment_info":0,"uagb_excerpt":"Regalable: vppfullEdad: AdultosMarca: EyelitComposici\u00f3n: 100% algod\u00f3nTipo de tela: Algod\u00f3n","_links":{"self":[{"href":"https:\/\/tuboxer.com\/tienda\/wp-json\/wp\/v2\/product\/106612","targetHints":{"allow":["GET"]}}],"collection":[{"href":"https:\/\/tuboxer.com\/tienda\/wp-json\/wp\/v2\/product"}],"about":[{"href":"https:\/\/tuboxer.com\/tienda\/wp-json\/wp\/v2\/types\/product"}],"version-history":[{"count":0,"href":"https:\/\/tuboxer.com\/tienda\/wp-json\/wp\/v2\/product\/106612\/revisions"}],"wp:featuredmedia":[{"embeddable":true,"href":"https:\/\/tuboxer.com\/tienda\/wp-json\/wp\/v2\/media\/16931"}],"wp:attachment":[{"href":"https:\/\/tuboxer.com\/tienda\/wp-json\/wp\/v2\/media?parent=106612"}],"wp:term":[{"taxonomy":"product_brand","embeddable":true,"href":"https:\/\/tuboxer.com\/tienda\/wp-json\/wp\/v2\/product_brand?post=106612"},{"taxonomy":"product_cat","embeddable":true,"href":"https:\/\/tuboxer.com\/tienda\/wp-json\/wp\/v2\/product_cat?post=106612"},{"taxonomy":"product_tag","embeddable":true,"href":"https:\/\/tuboxer.com\/tienda\/wp-json\/wp\/v2\/product_tag?post=106612"}],"curies":[{"name":"wp","href":"https:\/\/api.w.org\/{rel}","templated":true}]}}