{"id":106621,"date":"2026-02-09T05:29:03","date_gmt":"2026-02-09T08:29:03","guid":{"rendered":"https:\/\/tuboxer.com\/tienda\/product\/pijama-verano-algodon-hombre-eyelit-1938-nueva-temporada\/"},"modified":"2026-03-14T10:32:29","modified_gmt":"2026-03-14T13:32:29","slug":"pijama-verano-algodon-hombre-eyelit-1938-nueva-temporada","status":"publish","type":"product","link":"https:\/\/tuboxer.com\/tienda\/product\/pijama-verano-algodon-hombre-eyelit-1938-nueva-temporada\/","title":{"rendered":"Pijama Verano Algodon Hombre Eyelit 1938 &#8211; Nueva Temporada"},"content":{"rendered":"<p>Pijama de hombre manga corta escote redondo, de jersey algod\u00f3n natural. Tejido suave, resistente, duradero e hipoalerg\u00e9nico. Prenda suelta y c\u00f3moda.<\/p>\n<p>COMPOSICI\u00d3N:<br \/>\nAlgod\u00f3n Natural 100%. El gris contiene % de poli\u00e9ster<\/p>\n<p>Venta directa de fabrica<br \/>\nTuBoxer &#8211; Distribuidor Oficial by Eyelit<\/p>\n","protected":false},"excerpt":{"rendered":"<p><strong>Marca:<\/strong> Eyelit<br \/><strong>Modelo:<\/strong> 1938P0A<br \/><strong>Edad:<\/strong> Adultos<br \/><strong>Composici\u00f3n:<\/strong> 100%<br \/><strong>G\u00e9nero filtrables:<\/strong> Hombre<\/p>\n","protected":false},"featured_media":17109,"template":"","meta":{"_uag_custom_page_level_css":"","iawp_total_views":0},"product_brand":[],"product_cat":[58],"product_tag":[],"class_list":{"0":"post-106621","1":"product","2":"type-product","3":"status-publish","4":"has-post-thumbnail","6":"product_cat-pijamas","8":"first","9":"instock","10":"taxable","11":"shipping-taxable","12":"purchasable","13":"product-type-variable"},"uagb_featured_image_src":{"full":["https:\/\/tuboxer.com\/tienda\/wp-content\/uploads\/2026\/01\/D_668815-MLA92486237395_092025-O-11.jpg",334,500,false],"thumbnail":["https:\/\/tuboxer.com\/tienda\/wp-content\/uploads\/2026\/01\/D_668815-MLA92486237395_092025-O-11-150x150.jpg",150,150,true],"medium":["https:\/\/tuboxer.com\/tienda\/wp-content\/uploads\/2026\/01\/D_668815-MLA92486237395_092025-O-11-200x300.jpg",200,300,true],"medium_large":["https:\/\/tuboxer.com\/tienda\/wp-content\/uploads\/2026\/01\/D_668815-MLA92486237395_092025-O-11.jpg",334,500,false],"large":["https:\/\/tuboxer.com\/tienda\/wp-content\/uploads\/2026\/01\/D_668815-MLA92486237395_092025-O-11.jpg",334,500,false],"1536x1536":["https:\/\/tuboxer.com\/tienda\/wp-content\/uploads\/2026\/01\/D_668815-MLA92486237395_092025-O-11.jpg",334,500,false],"2048x2048":["https:\/\/tuboxer.com\/tienda\/wp-content\/uploads\/2026\/01\/D_668815-MLA92486237395_092025-O-11.jpg",334,500,false],"woocommerce_thumbnail":["https:\/\/tuboxer.com\/tienda\/wp-content\/uploads\/2026\/01\/D_668815-MLA92486237395_092025-O-11-300x300.jpg",300,300,true],"woocommerce_single":["https:\/\/tuboxer.com\/tienda\/wp-content\/uploads\/2026\/01\/D_668815-MLA92486237395_092025-O-11.jpg",334,500,false],"woocommerce_gallery_thumbnail":["https:\/\/tuboxer.com\/tienda\/wp-content\/uploads\/2026\/01\/D_668815-MLA92486237395_092025-O-11-100x100.jpg",100,100,true]},"uagb_author_info":{"display_name":"","author_link":"https:\/\/tuboxer.com\/tienda\/author\/"},"uagb_comment_info":0,"uagb_excerpt":"Marca: EyelitModelo: 1938P0AEdad: AdultosComposici\u00f3n: 100%G\u00e9nero filtrables: Hombre","_links":{"self":[{"href":"https:\/\/tuboxer.com\/tienda\/wp-json\/wp\/v2\/product\/106621","targetHints":{"allow":["GET"]}}],"collection":[{"href":"https:\/\/tuboxer.com\/tienda\/wp-json\/wp\/v2\/product"}],"about":[{"href":"https:\/\/tuboxer.com\/tienda\/wp-json\/wp\/v2\/types\/product"}],"version-history":[{"count":2,"href":"https:\/\/tuboxer.com\/tienda\/wp-json\/wp\/v2\/product\/106621\/revisions"}],"predecessor-version":[{"id":1051428,"href":"https:\/\/tuboxer.com\/tienda\/wp-json\/wp\/v2\/product\/106621\/revisions\/1051428"}],"wp:featuredmedia":[{"embeddable":true,"href":"https:\/\/tuboxer.com\/tienda\/wp-json\/wp\/v2\/media\/17109"}],"wp:attachment":[{"href":"https:\/\/tuboxer.com\/tienda\/wp-json\/wp\/v2\/media?parent=106621"}],"wp:term":[{"taxonomy":"product_brand","embeddable":true,"href":"https:\/\/tuboxer.com\/tienda\/wp-json\/wp\/v2\/product_brand?post=106621"},{"taxonomy":"product_cat","embeddable":true,"href":"https:\/\/tuboxer.com\/tienda\/wp-json\/wp\/v2\/product_cat?post=106621"},{"taxonomy":"product_tag","embeddable":true,"href":"https:\/\/tuboxer.com\/tienda\/wp-json\/wp\/v2\/product_tag?post=106621"}],"curies":[{"name":"wp","href":"https:\/\/api.w.org\/{rel}","templated":true}]}}