{"id":106675,"date":"2026-02-09T05:29:05","date_gmt":"2026-02-09T08:29:05","guid":{"rendered":"https:\/\/tuboxer.com\/tienda\/product\/short-de-bano-hombre-eyelit-art-822-bolsillos\/"},"modified":"2026-03-14T10:32:30","modified_gmt":"2026-03-14T13:32:30","slug":"short-de-bano-hombre-eyelit-art-822-bolsillos","status":"publish","type":"product","link":"https:\/\/tuboxer.com\/tienda\/product\/short-de-bano-hombre-eyelit-art-822-bolsillos\/","title":{"rendered":"Short De Ba\u00f1o Hombre Eyelit Art 822 Bolsillos"},"content":{"rendered":"<p>Short de ba\u00f1o b\u00e1sico con bolsillo y lazo en cintura. Lleva suspensor interno.<\/p>\n<p>COMPOSICI\u00d3N<br \/>\n95% Poli\u00e9ster<br \/>\n5% Elastano<\/p>\n<p>Venta directa de f\u00e1brica.<br \/>\nQueremos que tu experiencia sea la m\u00e1s placentera, es por esto, que estamos disponibles para responder todas tus consultas!<\/p>\n","protected":false},"excerpt":{"rendered":"<p><strong>Regalable:<\/strong> vppfull<br \/><strong>Edad:<\/strong> Adultos<br \/><strong>Marca:<\/strong> Eyelit<br \/><strong>G\u00e9nero filtrables:<\/strong> Hombre<br \/><strong>G\u00e9nero:<\/strong> Hombre<\/p>\n","protected":false},"featured_media":18086,"template":"","meta":{"_uag_custom_page_level_css":"","iawp_total_views":0},"product_brand":[],"product_cat":[59],"product_tag":[],"class_list":{"0":"post-106675","1":"product","2":"type-product","3":"status-publish","4":"has-post-thumbnail","6":"product_cat-trajes-de-bano","8":"first","9":"instock","10":"taxable","11":"shipping-taxable","12":"purchasable","13":"product-type-variable"},"uagb_featured_image_src":{"full":["https:\/\/tuboxer.com\/tienda\/wp-content\/uploads\/2026\/01\/D_701257-MLA92980631030_092025-O-12.jpg",361,500,false],"thumbnail":["https:\/\/tuboxer.com\/tienda\/wp-content\/uploads\/2026\/01\/D_701257-MLA92980631030_092025-O-12-150x150.jpg",150,150,true],"medium":["https:\/\/tuboxer.com\/tienda\/wp-content\/uploads\/2026\/01\/D_701257-MLA92980631030_092025-O-12-217x300.jpg",217,300,true],"medium_large":["https:\/\/tuboxer.com\/tienda\/wp-content\/uploads\/2026\/01\/D_701257-MLA92980631030_092025-O-12.jpg",361,500,false],"large":["https:\/\/tuboxer.com\/tienda\/wp-content\/uploads\/2026\/01\/D_701257-MLA92980631030_092025-O-12.jpg",361,500,false],"1536x1536":["https:\/\/tuboxer.com\/tienda\/wp-content\/uploads\/2026\/01\/D_701257-MLA92980631030_092025-O-12.jpg",361,500,false],"2048x2048":["https:\/\/tuboxer.com\/tienda\/wp-content\/uploads\/2026\/01\/D_701257-MLA92980631030_092025-O-12.jpg",361,500,false],"woocommerce_thumbnail":["https:\/\/tuboxer.com\/tienda\/wp-content\/uploads\/2026\/01\/D_701257-MLA92980631030_092025-O-12-300x300.jpg",300,300,true],"woocommerce_single":["https:\/\/tuboxer.com\/tienda\/wp-content\/uploads\/2026\/01\/D_701257-MLA92980631030_092025-O-12.jpg",361,500,false],"woocommerce_gallery_thumbnail":["https:\/\/tuboxer.com\/tienda\/wp-content\/uploads\/2026\/01\/D_701257-MLA92980631030_092025-O-12-100x100.jpg",100,100,true]},"uagb_author_info":{"display_name":"","author_link":"https:\/\/tuboxer.com\/tienda\/author\/"},"uagb_comment_info":0,"uagb_excerpt":"Regalable: vppfullEdad: AdultosMarca: EyelitG\u00e9nero filtrables: HombreG\u00e9nero: Hombre","_links":{"self":[{"href":"https:\/\/tuboxer.com\/tienda\/wp-json\/wp\/v2\/product\/106675","targetHints":{"allow":["GET"]}}],"collection":[{"href":"https:\/\/tuboxer.com\/tienda\/wp-json\/wp\/v2\/product"}],"about":[{"href":"https:\/\/tuboxer.com\/tienda\/wp-json\/wp\/v2\/types\/product"}],"version-history":[{"count":0,"href":"https:\/\/tuboxer.com\/tienda\/wp-json\/wp\/v2\/product\/106675\/revisions"}],"wp:featuredmedia":[{"embeddable":true,"href":"https:\/\/tuboxer.com\/tienda\/wp-json\/wp\/v2\/media\/18086"}],"wp:attachment":[{"href":"https:\/\/tuboxer.com\/tienda\/wp-json\/wp\/v2\/media?parent=106675"}],"wp:term":[{"taxonomy":"product_brand","embeddable":true,"href":"https:\/\/tuboxer.com\/tienda\/wp-json\/wp\/v2\/product_brand?post=106675"},{"taxonomy":"product_cat","embeddable":true,"href":"https:\/\/tuboxer.com\/tienda\/wp-json\/wp\/v2\/product_cat?post=106675"},{"taxonomy":"product_tag","embeddable":true,"href":"https:\/\/tuboxer.com\/tienda\/wp-json\/wp\/v2\/product_tag?post=106675"}],"curies":[{"name":"wp","href":"https:\/\/api.w.org\/{rel}","templated":true}]}}