{"id":106724,"date":"2026-02-09T05:29:06","date_gmt":"2026-02-09T08:29:06","guid":{"rendered":"https:\/\/tuboxer.com\/tienda\/product\/pijama-hombre-algodon-eyelit-1942-manga-larga\/"},"modified":"2026-03-14T10:32:29","modified_gmt":"2026-03-14T13:32:29","slug":"pijama-hombre-algodon-eyelit-1942-manga-larga","status":"publish","type":"product","link":"https:\/\/tuboxer.com\/tienda\/product\/pijama-hombre-algodon-eyelit-1942-manga-larga\/","title":{"rendered":"Pijama Hombre Algodon Eyelit 1942 Manga Larga"},"content":{"rendered":"<p>EYELIT art 1886\/ 1942<\/p>\n<p>Pijama invierno de hombre<\/p>\n<p>Escote redondo manga larga rayado combinado, de algod\u00f3n natural y poli\u00e9ster. La combinaci\u00f3n de algod\u00f3n y poli\u00e9ster en la casaca ayudan a conservar la temperatura corporal. Tejido suave. Prenda suelta y c\u00f3moda. El pantal\u00f3n no posee bolsillos.<\/p>\n<p>Articulo: 1886<\/p>\n<p>Composici\u00f3n:<\/p>\n<p>Pantal\u00f3n: 100% Algod\u00f3n<br \/>\nRemera: 50% Algod\u00f3n \/ 50% Poliester<\/p>\n<p>Talles disponibles: S A 3XL<\/p>\n<p>Gu\u00eda de talles:<\/p>\n<p>Pantal\u00f3n 036-038 \/ Remera 038: (Talle S)<br \/>\nPantal\u00f3n 040-042 \/ Remera 040: (Talle M)<br \/>\nPantal\u00f3n 044-046 \/ Remera 042: (Talle L)<br \/>\nPantal\u00f3n 048-050 \/ Remera 044: (Talle XL)<br \/>\nPantal\u00f3n 052-054 \/ Remera 046: (Talle XXL)<br \/>\nPantal\u00f3n 056-058 \/ Remera 048: (Talle 3XL)<\/p>\n<p>Colores disponibles:<\/p>\n<p>&#8211; Negro<br \/>\n&#8211; Azul Marino<br \/>\n&#8211; Celeste<\/p>\n","protected":false},"excerpt":{"rendered":"<p><strong>Marca:<\/strong> Eyelit<br \/><strong>Modelo:<\/strong> 1886<br \/><strong>Edad:<\/strong> Adultos<br \/><strong>Composici\u00f3n:<\/strong> Algod\u00f3n<br \/><strong>G\u00e9nero filtrables:<\/strong> Hombre<\/p>\n","protected":false},"featured_media":17217,"template":"","meta":{"_uag_custom_page_level_css":"","iawp_total_views":1},"product_brand":[],"product_cat":[58],"product_tag":[],"class_list":{"0":"post-106724","1":"product","2":"type-product","3":"status-publish","4":"has-post-thumbnail","6":"product_cat-pijamas","8":"first","9":"instock","10":"taxable","11":"shipping-taxable","12":"purchasable","13":"product-type-variable"},"uagb_featured_image_src":{"full":["https:\/\/tuboxer.com\/tienda\/wp-content\/uploads\/2026\/01\/D_771384-MLA92091982202_092025-O-12.jpg",389,500,false],"thumbnail":["https:\/\/tuboxer.com\/tienda\/wp-content\/uploads\/2026\/01\/D_771384-MLA92091982202_092025-O-12-150x150.jpg",150,150,true],"medium":["https:\/\/tuboxer.com\/tienda\/wp-content\/uploads\/2026\/01\/D_771384-MLA92091982202_092025-O-12-233x300.jpg",233,300,true],"medium_large":["https:\/\/tuboxer.com\/tienda\/wp-content\/uploads\/2026\/01\/D_771384-MLA92091982202_092025-O-12.jpg",389,500,false],"large":["https:\/\/tuboxer.com\/tienda\/wp-content\/uploads\/2026\/01\/D_771384-MLA92091982202_092025-O-12.jpg",389,500,false],"1536x1536":["https:\/\/tuboxer.com\/tienda\/wp-content\/uploads\/2026\/01\/D_771384-MLA92091982202_092025-O-12.jpg",389,500,false],"2048x2048":["https:\/\/tuboxer.com\/tienda\/wp-content\/uploads\/2026\/01\/D_771384-MLA92091982202_092025-O-12.jpg",389,500,false],"woocommerce_thumbnail":["https:\/\/tuboxer.com\/tienda\/wp-content\/uploads\/2026\/01\/D_771384-MLA92091982202_092025-O-12-300x300.jpg",300,300,true],"woocommerce_single":["https:\/\/tuboxer.com\/tienda\/wp-content\/uploads\/2026\/01\/D_771384-MLA92091982202_092025-O-12.jpg",389,500,false],"woocommerce_gallery_thumbnail":["https:\/\/tuboxer.com\/tienda\/wp-content\/uploads\/2026\/01\/D_771384-MLA92091982202_092025-O-12-100x100.jpg",100,100,true]},"uagb_author_info":{"display_name":"","author_link":"https:\/\/tuboxer.com\/tienda\/author\/"},"uagb_comment_info":0,"uagb_excerpt":"Marca: EyelitModelo: 1886Edad: AdultosComposici\u00f3n: Algod\u00f3nG\u00e9nero filtrables: Hombre","_links":{"self":[{"href":"https:\/\/tuboxer.com\/tienda\/wp-json\/wp\/v2\/product\/106724","targetHints":{"allow":["GET"]}}],"collection":[{"href":"https:\/\/tuboxer.com\/tienda\/wp-json\/wp\/v2\/product"}],"about":[{"href":"https:\/\/tuboxer.com\/tienda\/wp-json\/wp\/v2\/types\/product"}],"version-history":[{"count":2,"href":"https:\/\/tuboxer.com\/tienda\/wp-json\/wp\/v2\/product\/106724\/revisions"}],"predecessor-version":[{"id":1051233,"href":"https:\/\/tuboxer.com\/tienda\/wp-json\/wp\/v2\/product\/106724\/revisions\/1051233"}],"wp:featuredmedia":[{"embeddable":true,"href":"https:\/\/tuboxer.com\/tienda\/wp-json\/wp\/v2\/media\/17217"}],"wp:attachment":[{"href":"https:\/\/tuboxer.com\/tienda\/wp-json\/wp\/v2\/media?parent=106724"}],"wp:term":[{"taxonomy":"product_brand","embeddable":true,"href":"https:\/\/tuboxer.com\/tienda\/wp-json\/wp\/v2\/product_brand?post=106724"},{"taxonomy":"product_cat","embeddable":true,"href":"https:\/\/tuboxer.com\/tienda\/wp-json\/wp\/v2\/product_cat?post=106724"},{"taxonomy":"product_tag","embeddable":true,"href":"https:\/\/tuboxer.com\/tienda\/wp-json\/wp\/v2\/product_tag?post=106724"}],"curies":[{"name":"wp","href":"https:\/\/api.w.org\/{rel}","templated":true}]}}