{"id":106780,"date":"2026-02-09T05:29:08","date_gmt":"2026-02-09T08:29:08","guid":{"rendered":"https:\/\/tuboxer.com\/tienda\/product\/boxer-hombre-algodon-elastano-short-eyelit-594\/"},"modified":"2026-03-14T10:32:30","modified_gmt":"2026-03-14T13:32:30","slug":"boxer-hombre-algodon-elastano-short-eyelit-594","status":"publish","type":"product","link":"https:\/\/tuboxer.com\/tienda\/product\/boxer-hombre-algodon-elastano-short-eyelit-594\/","title":{"rendered":"Boxer Hombre Algodon Elastano Short Eyelit 594"},"content":{"rendered":"<p>EYELIT<br \/>\nB\u00f3xer liso de algod\u00f3n y lycra, con recorte delantero con costura doble, pu\u00f1os en las piernas y el\u00e1stico de microfibra con logo de 40mm.<\/p>\n<p>Articulo: 594<br \/>\nComposici\u00f3n: 94% algod\u00f3n, 6% elastano.<\/p>\n<p>Talles: S a 4XL<\/p>\n<p>Gu\u00eda de talles:<br \/>\n36\/38 = S<br \/>\n40\/42 = M<br \/>\n44\/46 = L<br \/>\n48\/50 = XL<br \/>\n52\/54 = XXL<br \/>\n56\/58 = 3XL<br \/>\n60\/62 = 4XL<\/p>\n<p>Colores disponibles:<br \/>\n&#8211; Negro<br \/>\n&#8211; Azul Marino<br \/>\n&#8211; Gris Melange<br \/>\n&#8211; Gris Oscuro<br \/>\n&#8211; Gris Topo<\/p>\n<p>El el\u00e1stico de la cintura vienen en color azul, negro \u00f3 rojo<\/p>\n<p>Venta directa de fabrica<br \/>\nTuBoxer &#8211; Distribuidor Oficial by Eyelit<\/p>\n","protected":false},"excerpt":{"rendered":"<p><strong>Regalable:<\/strong> vppfull<br \/><strong>Edad:<\/strong> Adultos<br \/><strong>Marca:<\/strong> Eyelit<br \/><strong>Composici\u00f3n:<\/strong> 6% elastano,94% algod\u00f3n<br \/><strong>G\u00e9nero filtrables:<\/strong> Hombre<\/p>\n","protected":false},"featured_media":17951,"template":"","meta":{"_uag_custom_page_level_css":"","iawp_total_views":1},"product_brand":[],"product_cat":[53],"product_tag":[],"class_list":{"0":"post-106780","1":"product","2":"type-product","3":"status-publish","4":"has-post-thumbnail","6":"product_cat-boxers-y-slips","8":"first","9":"instock","10":"taxable","11":"shipping-taxable","12":"purchasable","13":"product-type-variable"},"uagb_featured_image_src":{"full":["https:\/\/tuboxer.com\/tienda\/wp-content\/uploads\/2026\/01\/D_860918-MLA99142327985_112025-O-10.jpg",301,500,false],"thumbnail":["https:\/\/tuboxer.com\/tienda\/wp-content\/uploads\/2026\/01\/D_860918-MLA99142327985_112025-O-10-150x150.jpg",150,150,true],"medium":["https:\/\/tuboxer.com\/tienda\/wp-content\/uploads\/2026\/01\/D_860918-MLA99142327985_112025-O-10-181x300.jpg",181,300,true],"medium_large":["https:\/\/tuboxer.com\/tienda\/wp-content\/uploads\/2026\/01\/D_860918-MLA99142327985_112025-O-10.jpg",301,500,false],"large":["https:\/\/tuboxer.com\/tienda\/wp-content\/uploads\/2026\/01\/D_860918-MLA99142327985_112025-O-10.jpg",301,500,false],"1536x1536":["https:\/\/tuboxer.com\/tienda\/wp-content\/uploads\/2026\/01\/D_860918-MLA99142327985_112025-O-10.jpg",301,500,false],"2048x2048":["https:\/\/tuboxer.com\/tienda\/wp-content\/uploads\/2026\/01\/D_860918-MLA99142327985_112025-O-10.jpg",301,500,false],"woocommerce_thumbnail":["https:\/\/tuboxer.com\/tienda\/wp-content\/uploads\/2026\/01\/D_860918-MLA99142327985_112025-O-10-300x300.jpg",300,300,true],"woocommerce_single":["https:\/\/tuboxer.com\/tienda\/wp-content\/uploads\/2026\/01\/D_860918-MLA99142327985_112025-O-10.jpg",301,500,false],"woocommerce_gallery_thumbnail":["https:\/\/tuboxer.com\/tienda\/wp-content\/uploads\/2026\/01\/D_860918-MLA99142327985_112025-O-10-100x100.jpg",100,100,true]},"uagb_author_info":{"display_name":"","author_link":"https:\/\/tuboxer.com\/tienda\/author\/"},"uagb_comment_info":0,"uagb_excerpt":"Regalable: vppfullEdad: AdultosMarca: EyelitComposici\u00f3n: 6% elastano,94% algod\u00f3nG\u00e9nero filtrables: Hombre","_links":{"self":[{"href":"https:\/\/tuboxer.com\/tienda\/wp-json\/wp\/v2\/product\/106780","targetHints":{"allow":["GET"]}}],"collection":[{"href":"https:\/\/tuboxer.com\/tienda\/wp-json\/wp\/v2\/product"}],"about":[{"href":"https:\/\/tuboxer.com\/tienda\/wp-json\/wp\/v2\/types\/product"}],"version-history":[{"count":0,"href":"https:\/\/tuboxer.com\/tienda\/wp-json\/wp\/v2\/product\/106780\/revisions"}],"wp:featuredmedia":[{"embeddable":true,"href":"https:\/\/tuboxer.com\/tienda\/wp-json\/wp\/v2\/media\/17951"}],"wp:attachment":[{"href":"https:\/\/tuboxer.com\/tienda\/wp-json\/wp\/v2\/media?parent=106780"}],"wp:term":[{"taxonomy":"product_brand","embeddable":true,"href":"https:\/\/tuboxer.com\/tienda\/wp-json\/wp\/v2\/product_brand?post=106780"},{"taxonomy":"product_cat","embeddable":true,"href":"https:\/\/tuboxer.com\/tienda\/wp-json\/wp\/v2\/product_cat?post=106780"},{"taxonomy":"product_tag","embeddable":true,"href":"https:\/\/tuboxer.com\/tienda\/wp-json\/wp\/v2\/product_tag?post=106780"}],"curies":[{"name":"wp","href":"https:\/\/api.w.org\/{rel}","templated":true}]}}