{"id":106809,"date":"2026-02-09T05:29:09","date_gmt":"2026-02-09T08:29:09","guid":{"rendered":"https:\/\/tuboxer.com\/tienda\/product\/pijama-ninos-algodon-eyelit-1938j-nueva-temporada\/"},"modified":"2026-03-14T10:32:29","modified_gmt":"2026-03-14T13:32:29","slug":"pijama-ninos-algodon-eyelit-1938j-nueva-temporada","status":"publish","type":"product","link":"https:\/\/tuboxer.com\/tienda\/product\/pijama-ninos-algodon-eyelit-1938j-nueva-temporada\/","title":{"rendered":"Pijama Ni\u00f1os Algodon Eyelit 1938j  Nueva Temporada"},"content":{"rendered":"<p>Pijama de ni\u00f1os manga corta escote redondo, de jersey algod\u00f3n natural. Tejido suave, resistente, duradero e hipoalerg\u00e9nico. Prenda suelta y c\u00f3moda.<\/p>\n<p>COMPOSICI\u00d3N:<\/p>\n<p>Algod\u00f3n Natural 100%. El gris contiene % de poli\u00e9ster<\/p>\n","protected":false},"excerpt":{"rendered":"<p><strong>Marca:<\/strong> Eyelit<br \/><strong>Modelo:<\/strong> 1938J0A<br \/><strong>Edad:<\/strong> Ni\u00f1os<br \/><strong>Composici\u00f3n:<\/strong> 100%<br \/><strong>G\u00e9nero filtrables:<\/strong> Ni\u00f1os<\/p>\n","protected":false},"featured_media":17562,"template":"","meta":{"_uag_custom_page_level_css":"","iawp_total_views":0},"product_brand":[],"product_cat":[58],"product_tag":[],"class_list":{"0":"post-106809","1":"product","2":"type-product","3":"status-publish","4":"has-post-thumbnail","6":"product_cat-pijamas","8":"first","9":"instock","10":"taxable","11":"shipping-taxable","12":"purchasable","13":"product-type-variable"},"uagb_featured_image_src":{"full":["https:\/\/tuboxer.com\/tienda\/wp-content\/uploads\/2026\/01\/D_948547-MLA92495756625_092025-O-11.jpg",334,500,false],"thumbnail":["https:\/\/tuboxer.com\/tienda\/wp-content\/uploads\/2026\/01\/D_948547-MLA92495756625_092025-O-11-150x150.jpg",150,150,true],"medium":["https:\/\/tuboxer.com\/tienda\/wp-content\/uploads\/2026\/01\/D_948547-MLA92495756625_092025-O-11-200x300.jpg",200,300,true],"medium_large":["https:\/\/tuboxer.com\/tienda\/wp-content\/uploads\/2026\/01\/D_948547-MLA92495756625_092025-O-11.jpg",334,500,false],"large":["https:\/\/tuboxer.com\/tienda\/wp-content\/uploads\/2026\/01\/D_948547-MLA92495756625_092025-O-11.jpg",334,500,false],"1536x1536":["https:\/\/tuboxer.com\/tienda\/wp-content\/uploads\/2026\/01\/D_948547-MLA92495756625_092025-O-11.jpg",334,500,false],"2048x2048":["https:\/\/tuboxer.com\/tienda\/wp-content\/uploads\/2026\/01\/D_948547-MLA92495756625_092025-O-11.jpg",334,500,false],"woocommerce_thumbnail":["https:\/\/tuboxer.com\/tienda\/wp-content\/uploads\/2026\/01\/D_948547-MLA92495756625_092025-O-11-300x300.jpg",300,300,true],"woocommerce_single":["https:\/\/tuboxer.com\/tienda\/wp-content\/uploads\/2026\/01\/D_948547-MLA92495756625_092025-O-11.jpg",334,500,false],"woocommerce_gallery_thumbnail":["https:\/\/tuboxer.com\/tienda\/wp-content\/uploads\/2026\/01\/D_948547-MLA92495756625_092025-O-11-100x100.jpg",100,100,true]},"uagb_author_info":{"display_name":"","author_link":"https:\/\/tuboxer.com\/tienda\/author\/"},"uagb_comment_info":0,"uagb_excerpt":"Marca: EyelitModelo: 1938J0AEdad: Ni\u00f1osComposici\u00f3n: 100%G\u00e9nero filtrables: Ni\u00f1os","_links":{"self":[{"href":"https:\/\/tuboxer.com\/tienda\/wp-json\/wp\/v2\/product\/106809","targetHints":{"allow":["GET"]}}],"collection":[{"href":"https:\/\/tuboxer.com\/tienda\/wp-json\/wp\/v2\/product"}],"about":[{"href":"https:\/\/tuboxer.com\/tienda\/wp-json\/wp\/v2\/types\/product"}],"version-history":[{"count":0,"href":"https:\/\/tuboxer.com\/tienda\/wp-json\/wp\/v2\/product\/106809\/revisions"}],"wp:featuredmedia":[{"embeddable":true,"href":"https:\/\/tuboxer.com\/tienda\/wp-json\/wp\/v2\/media\/17562"}],"wp:attachment":[{"href":"https:\/\/tuboxer.com\/tienda\/wp-json\/wp\/v2\/media?parent=106809"}],"wp:term":[{"taxonomy":"product_brand","embeddable":true,"href":"https:\/\/tuboxer.com\/tienda\/wp-json\/wp\/v2\/product_brand?post=106809"},{"taxonomy":"product_cat","embeddable":true,"href":"https:\/\/tuboxer.com\/tienda\/wp-json\/wp\/v2\/product_cat?post=106809"},{"taxonomy":"product_tag","embeddable":true,"href":"https:\/\/tuboxer.com\/tienda\/wp-json\/wp\/v2\/product_tag?post=106809"}],"curies":[{"name":"wp","href":"https:\/\/api.w.org\/{rel}","templated":true}]}}