{"id":106927,"date":"2026-02-09T05:29:12","date_gmt":"2026-02-09T08:29:12","guid":{"rendered":"https:\/\/tuboxer.com\/tienda\/product\/boxer-hombre-lisos-x3-comodos-elastizados-durables-eyelit\/"},"modified":"2026-03-14T10:32:30","modified_gmt":"2026-03-14T13:32:30","slug":"boxer-hombre-lisos-x3-comodos-elastizados-durables-eyelit","status":"publish","type":"product","link":"https:\/\/tuboxer.com\/tienda\/product\/boxer-hombre-lisos-x3-comodos-elastizados-durables-eyelit\/","title":{"rendered":"Boxer Hombre Lisos X3 Comodos Elastizados Durables Eyelit"},"content":{"rendered":"<p>Este pack de 3 boxers de hombre de la reconocida marca Eyelit es ideal para los que buscan comodidad y estilo en su ropa interior.<\/p>\n<p>Confeccionados en un 84% de poli\u00e9ster y un 16% de elastano, garantizan un ajuste perfecto y durabilidad.<\/p>\n<p>El dise\u00f1o tipo boxer shorts brinda una cobertura adecuada y un look moderno y casual.<\/p>\n<p>El modelo 3514 ofrece una combinaci\u00f3n de materiales de alta calidad y un dise\u00f1o cl\u00e1sico que se adapta a cualquier ocasi\u00f3n.<\/p>\n<p>Venta directa de fabrica<br \/>\nTuBoxer &#8211; Distribuidor Oficial by Eyelit<\/p>\n","protected":false},"excerpt":{"rendered":"<p><strong>Regalable:<\/strong> vppfull<br \/><strong>Edad:<\/strong> Adultos<br \/><strong>Marca:<\/strong> Eyelit<br \/><strong>G\u00e9nero filtrables:<\/strong> Hombre<br \/><strong>G\u00e9nero:<\/strong> Hombre<\/p>\n","protected":false},"featured_media":17487,"template":"","meta":{"_uag_custom_page_level_css":"","iawp_total_views":0},"product_brand":[],"product_cat":[53],"product_tag":[],"class_list":{"0":"post-106927","1":"product","2":"type-product","3":"status-publish","4":"has-post-thumbnail","6":"product_cat-boxers-y-slips","8":"first","9":"instock","10":"taxable","11":"shipping-taxable","12":"purchasable","13":"product-type-variable"},"uagb_featured_image_src":{"full":["https:\/\/tuboxer.com\/tienda\/wp-content\/uploads\/2026\/01\/D_694258-MLA92813918258_092025-O-7.jpg",403,500,false],"thumbnail":["https:\/\/tuboxer.com\/tienda\/wp-content\/uploads\/2026\/01\/D_694258-MLA92813918258_092025-O-7-150x150.jpg",150,150,true],"medium":["https:\/\/tuboxer.com\/tienda\/wp-content\/uploads\/2026\/01\/D_694258-MLA92813918258_092025-O-7-242x300.jpg",242,300,true],"medium_large":["https:\/\/tuboxer.com\/tienda\/wp-content\/uploads\/2026\/01\/D_694258-MLA92813918258_092025-O-7.jpg",403,500,false],"large":["https:\/\/tuboxer.com\/tienda\/wp-content\/uploads\/2026\/01\/D_694258-MLA92813918258_092025-O-7.jpg",403,500,false],"1536x1536":["https:\/\/tuboxer.com\/tienda\/wp-content\/uploads\/2026\/01\/D_694258-MLA92813918258_092025-O-7.jpg",403,500,false],"2048x2048":["https:\/\/tuboxer.com\/tienda\/wp-content\/uploads\/2026\/01\/D_694258-MLA92813918258_092025-O-7.jpg",403,500,false],"woocommerce_thumbnail":["https:\/\/tuboxer.com\/tienda\/wp-content\/uploads\/2026\/01\/D_694258-MLA92813918258_092025-O-7-300x300.jpg",300,300,true],"woocommerce_single":["https:\/\/tuboxer.com\/tienda\/wp-content\/uploads\/2026\/01\/D_694258-MLA92813918258_092025-O-7.jpg",403,500,false],"woocommerce_gallery_thumbnail":["https:\/\/tuboxer.com\/tienda\/wp-content\/uploads\/2026\/01\/D_694258-MLA92813918258_092025-O-7-100x100.jpg",100,100,true]},"uagb_author_info":{"display_name":"","author_link":"https:\/\/tuboxer.com\/tienda\/author\/"},"uagb_comment_info":0,"uagb_excerpt":"Regalable: vppfullEdad: AdultosMarca: EyelitG\u00e9nero filtrables: HombreG\u00e9nero: Hombre","_links":{"self":[{"href":"https:\/\/tuboxer.com\/tienda\/wp-json\/wp\/v2\/product\/106927","targetHints":{"allow":["GET"]}}],"collection":[{"href":"https:\/\/tuboxer.com\/tienda\/wp-json\/wp\/v2\/product"}],"about":[{"href":"https:\/\/tuboxer.com\/tienda\/wp-json\/wp\/v2\/types\/product"}],"version-history":[{"count":0,"href":"https:\/\/tuboxer.com\/tienda\/wp-json\/wp\/v2\/product\/106927\/revisions"}],"wp:featuredmedia":[{"embeddable":true,"href":"https:\/\/tuboxer.com\/tienda\/wp-json\/wp\/v2\/media\/17487"}],"wp:attachment":[{"href":"https:\/\/tuboxer.com\/tienda\/wp-json\/wp\/v2\/media?parent=106927"}],"wp:term":[{"taxonomy":"product_brand","embeddable":true,"href":"https:\/\/tuboxer.com\/tienda\/wp-json\/wp\/v2\/product_brand?post=106927"},{"taxonomy":"product_cat","embeddable":true,"href":"https:\/\/tuboxer.com\/tienda\/wp-json\/wp\/v2\/product_cat?post=106927"},{"taxonomy":"product_tag","embeddable":true,"href":"https:\/\/tuboxer.com\/tienda\/wp-json\/wp\/v2\/product_tag?post=106927"}],"curies":[{"name":"wp","href":"https:\/\/api.w.org\/{rel}","templated":true}]}}