{"id":106943,"date":"2026-02-09T05:29:13","date_gmt":"2026-02-09T08:29:13","guid":{"rendered":"https:\/\/tuboxer.com\/tienda\/product\/remera-hombre-algodon-eyelit-169-sin-mangas\/"},"modified":"2026-03-14T10:32:30","modified_gmt":"2026-03-14T13:32:30","slug":"remera-hombre-algodon-eyelit-169-sin-mangas","status":"publish","type":"product","link":"https:\/\/tuboxer.com\/tienda\/product\/remera-hombre-algodon-eyelit-169-sin-mangas\/","title":{"rendered":"Remera Hombre Algodon Eyelit 169 Sin Mangas"},"content":{"rendered":"<p>La remera sin mangas de hombre de 100% algod\u00f3n Eyelit Art. 169 es una prenda ideal para los que buscan comodidad y estilo en su vestimenta.<br \/>\nAcompa\u00f1a tus entrenamientos, de entrecasa, para dormir mas liberado, infaltable para quien disfruta de la comodidad.<br \/>\nConfeccionada en 100% algod\u00f3n, esta remera ofrece una sensaci\u00f3n suave y fresca al contacto con la piel.<br \/>\nAntial\u00e9rgica, ultra suave y de tela pre encogida.<br \/>\nSu dise\u00f1o liso y su tipo de tela le dan un toque cl\u00e1sico y vers\u00e1til, perfecto para combinar con diferentes outfits. El cuello redondo y la ausencia de mangas le dan un aspecto moderno y descontracturado.<br \/>\nAdem\u00e1s, al ser de la reconocida marca Eyelit, garantiza calidad y durabilidad en cada uso.<\/p>\n","protected":false},"excerpt":{"rendered":"<p><strong>Regalable:<\/strong> vppfull<br \/><strong>Edad:<\/strong> Adultos<br \/><strong>Marca:<\/strong> Eyelit<br \/><strong>Composici\u00f3n:<\/strong> Algod\u00f3n (100%)<br \/><strong>Tipo de tela:<\/strong> Algod\u00f3n<\/p>\n","protected":false},"featured_media":17911,"template":"","meta":{"_uag_custom_page_level_css":"","iawp_total_views":1},"product_brand":[],"product_cat":[56],"product_tag":[],"class_list":{"0":"post-106943","1":"product","2":"type-product","3":"status-publish","4":"has-post-thumbnail","6":"product_cat-remeras-musculosas-y-chombas","8":"first","9":"instock","10":"taxable","11":"shipping-taxable","12":"purchasable","13":"product-type-variable"},"uagb_featured_image_src":{"full":["https:\/\/tuboxer.com\/tienda\/wp-content\/uploads\/2026\/01\/D_934569-MLA96943314949_112025-O-11.jpg",389,500,false],"thumbnail":["https:\/\/tuboxer.com\/tienda\/wp-content\/uploads\/2026\/01\/D_934569-MLA96943314949_112025-O-11-150x150.jpg",150,150,true],"medium":["https:\/\/tuboxer.com\/tienda\/wp-content\/uploads\/2026\/01\/D_934569-MLA96943314949_112025-O-11-233x300.jpg",233,300,true],"medium_large":["https:\/\/tuboxer.com\/tienda\/wp-content\/uploads\/2026\/01\/D_934569-MLA96943314949_112025-O-11.jpg",389,500,false],"large":["https:\/\/tuboxer.com\/tienda\/wp-content\/uploads\/2026\/01\/D_934569-MLA96943314949_112025-O-11.jpg",389,500,false],"1536x1536":["https:\/\/tuboxer.com\/tienda\/wp-content\/uploads\/2026\/01\/D_934569-MLA96943314949_112025-O-11.jpg",389,500,false],"2048x2048":["https:\/\/tuboxer.com\/tienda\/wp-content\/uploads\/2026\/01\/D_934569-MLA96943314949_112025-O-11.jpg",389,500,false],"woocommerce_thumbnail":["https:\/\/tuboxer.com\/tienda\/wp-content\/uploads\/2026\/01\/D_934569-MLA96943314949_112025-O-11-300x300.jpg",300,300,true],"woocommerce_single":["https:\/\/tuboxer.com\/tienda\/wp-content\/uploads\/2026\/01\/D_934569-MLA96943314949_112025-O-11.jpg",389,500,false],"woocommerce_gallery_thumbnail":["https:\/\/tuboxer.com\/tienda\/wp-content\/uploads\/2026\/01\/D_934569-MLA96943314949_112025-O-11-100x100.jpg",100,100,true]},"uagb_author_info":{"display_name":"","author_link":"https:\/\/tuboxer.com\/tienda\/author\/"},"uagb_comment_info":0,"uagb_excerpt":"Regalable: vppfullEdad: AdultosMarca: EyelitComposici\u00f3n: Algod\u00f3n (100%)Tipo de tela: Algod\u00f3n","_links":{"self":[{"href":"https:\/\/tuboxer.com\/tienda\/wp-json\/wp\/v2\/product\/106943","targetHints":{"allow":["GET"]}}],"collection":[{"href":"https:\/\/tuboxer.com\/tienda\/wp-json\/wp\/v2\/product"}],"about":[{"href":"https:\/\/tuboxer.com\/tienda\/wp-json\/wp\/v2\/types\/product"}],"version-history":[{"count":0,"href":"https:\/\/tuboxer.com\/tienda\/wp-json\/wp\/v2\/product\/106943\/revisions"}],"wp:featuredmedia":[{"embeddable":true,"href":"https:\/\/tuboxer.com\/tienda\/wp-json\/wp\/v2\/media\/17911"}],"wp:attachment":[{"href":"https:\/\/tuboxer.com\/tienda\/wp-json\/wp\/v2\/media?parent=106943"}],"wp:term":[{"taxonomy":"product_brand","embeddable":true,"href":"https:\/\/tuboxer.com\/tienda\/wp-json\/wp\/v2\/product_brand?post=106943"},{"taxonomy":"product_cat","embeddable":true,"href":"https:\/\/tuboxer.com\/tienda\/wp-json\/wp\/v2\/product_cat?post=106943"},{"taxonomy":"product_tag","embeddable":true,"href":"https:\/\/tuboxer.com\/tienda\/wp-json\/wp\/v2\/product_tag?post=106943"}],"curies":[{"name":"wp","href":"https:\/\/api.w.org\/{rel}","templated":true}]}}