{"id":106964,"date":"2026-02-09T05:29:13","date_gmt":"2026-02-09T08:29:13","guid":{"rendered":"https:\/\/tuboxer.com\/tienda\/product\/remera-hombre-algodon-manga-corta-cuello-redondo-eyelit-448\/"},"modified":"2026-03-14T10:32:29","modified_gmt":"2026-03-14T13:32:29","slug":"remera-hombre-algodon-manga-corta-cuello-redondo-eyelit-448","status":"publish","type":"product","link":"https:\/\/tuboxer.com\/tienda\/product\/remera-hombre-algodon-manga-corta-cuello-redondo-eyelit-448\/","title":{"rendered":"Remera Hombre Algodon Manga Corta Cuello Redondo Eyelit 448"},"content":{"rendered":"<p>EYELIT<\/p>\n<p>Remera de algod\u00f3n.<br \/>\nManga corta con escote redondo. Tejido suave e hipoalerg\u00e9nico. Prenda suelta y c\u00f3moda.<\/p>\n<p>Articulo: 448<\/p>\n<p>Composici\u00f3n: 100% algod\u00f3n<br \/>\nTalles: S a XXL<\/p>\n<p>Colores disponibles:<\/p>\n<p>&#8211; Negro<br \/>\n&#8211; Blanco<br \/>\n&#8211; Gris melange<br \/>\n&#8211; Azul marino<\/p>\n<p>TUBOXER<br \/>\nDISTRIBUIDOR OFICIAL EYELIT<\/p>\n","protected":false},"excerpt":{"rendered":"<p><strong>Regalable:<\/strong> vppfull<br \/><strong>Edad:<\/strong> Adultos<br \/><strong>Marca:<\/strong> Eyelit<br \/><strong>Composici\u00f3n:<\/strong> Algod\u00f3n<br \/><strong>Tipo de tela:<\/strong> Algod\u00f3n<\/p>\n","protected":false},"featured_media":17270,"template":"","meta":{"_uag_custom_page_level_css":"","iawp_total_views":0},"product_brand":[],"product_cat":[56],"product_tag":[],"class_list":{"0":"post-106964","1":"product","2":"type-product","3":"status-publish","4":"has-post-thumbnail","6":"product_cat-remeras-musculosas-y-chombas","8":"first","9":"instock","10":"taxable","11":"shipping-taxable","12":"purchasable","13":"product-type-variable"},"uagb_featured_image_src":{"full":["https:\/\/tuboxer.com\/tienda\/wp-content\/uploads\/2026\/01\/D_870867-MLA92149193243_092025-O-11.jpg",389,500,false],"thumbnail":["https:\/\/tuboxer.com\/tienda\/wp-content\/uploads\/2026\/01\/D_870867-MLA92149193243_092025-O-11-150x150.jpg",150,150,true],"medium":["https:\/\/tuboxer.com\/tienda\/wp-content\/uploads\/2026\/01\/D_870867-MLA92149193243_092025-O-11-233x300.jpg",233,300,true],"medium_large":["https:\/\/tuboxer.com\/tienda\/wp-content\/uploads\/2026\/01\/D_870867-MLA92149193243_092025-O-11.jpg",389,500,false],"large":["https:\/\/tuboxer.com\/tienda\/wp-content\/uploads\/2026\/01\/D_870867-MLA92149193243_092025-O-11.jpg",389,500,false],"1536x1536":["https:\/\/tuboxer.com\/tienda\/wp-content\/uploads\/2026\/01\/D_870867-MLA92149193243_092025-O-11.jpg",389,500,false],"2048x2048":["https:\/\/tuboxer.com\/tienda\/wp-content\/uploads\/2026\/01\/D_870867-MLA92149193243_092025-O-11.jpg",389,500,false],"woocommerce_thumbnail":["https:\/\/tuboxer.com\/tienda\/wp-content\/uploads\/2026\/01\/D_870867-MLA92149193243_092025-O-11-300x300.jpg",300,300,true],"woocommerce_single":["https:\/\/tuboxer.com\/tienda\/wp-content\/uploads\/2026\/01\/D_870867-MLA92149193243_092025-O-11.jpg",389,500,false],"woocommerce_gallery_thumbnail":["https:\/\/tuboxer.com\/tienda\/wp-content\/uploads\/2026\/01\/D_870867-MLA92149193243_092025-O-11-100x100.jpg",100,100,true]},"uagb_author_info":{"display_name":"","author_link":"https:\/\/tuboxer.com\/tienda\/author\/"},"uagb_comment_info":0,"uagb_excerpt":"Regalable: vppfullEdad: AdultosMarca: EyelitComposici\u00f3n: Algod\u00f3nTipo de tela: Algod\u00f3n","_links":{"self":[{"href":"https:\/\/tuboxer.com\/tienda\/wp-json\/wp\/v2\/product\/106964","targetHints":{"allow":["GET"]}}],"collection":[{"href":"https:\/\/tuboxer.com\/tienda\/wp-json\/wp\/v2\/product"}],"about":[{"href":"https:\/\/tuboxer.com\/tienda\/wp-json\/wp\/v2\/types\/product"}],"version-history":[{"count":0,"href":"https:\/\/tuboxer.com\/tienda\/wp-json\/wp\/v2\/product\/106964\/revisions"}],"wp:featuredmedia":[{"embeddable":true,"href":"https:\/\/tuboxer.com\/tienda\/wp-json\/wp\/v2\/media\/17270"}],"wp:attachment":[{"href":"https:\/\/tuboxer.com\/tienda\/wp-json\/wp\/v2\/media?parent=106964"}],"wp:term":[{"taxonomy":"product_brand","embeddable":true,"href":"https:\/\/tuboxer.com\/tienda\/wp-json\/wp\/v2\/product_brand?post=106964"},{"taxonomy":"product_cat","embeddable":true,"href":"https:\/\/tuboxer.com\/tienda\/wp-json\/wp\/v2\/product_cat?post=106964"},{"taxonomy":"product_tag","embeddable":true,"href":"https:\/\/tuboxer.com\/tienda\/wp-json\/wp\/v2\/product_tag?post=106964"}],"curies":[{"name":"wp","href":"https:\/\/api.w.org\/{rel}","templated":true}]}}