{"id":107028,"date":"2026-02-09T05:29:16","date_gmt":"2026-02-09T08:29:16","guid":{"rendered":"https:\/\/tuboxer.com\/tienda\/product\/slip-calzoncillo-hombre-algodon-100-pack-x3-eyelit\/"},"modified":"2026-03-14T10:32:29","modified_gmt":"2026-03-14T13:32:29","slug":"slip-calzoncillo-hombre-algodon-100-pack-x3-eyelit","status":"publish","type":"product","link":"https:\/\/tuboxer.com\/tienda\/product\/slip-calzoncillo-hombre-algodon-100-pack-x3-eyelit\/","title":{"rendered":"Slip Calzoncillo Hombre Algodon 100% Pack X3 Eyelit"},"content":{"rendered":"<p>ENTREGAMOS PACK DE 3 CALZONCILLOS SLIP EYELIT Mod. 3311<\/p>\n<p>Slip de algod\u00f3n natural. De calce ajustado, se adapta confortablemente al cuerpo. Cuenta con refuerzo en delantero.<br \/>\nNo tiene toalla.<\/p>\n<p>Descripci\u00f3n<br \/>\n&#8211; Talles: S, M, L, XL, XXL, 3\/4XL (ver gu\u00eda de talles en imagenes)<br \/>\n&#8211; Componentes: 100% Algod\u00f3n (color melange 50% algod\u00f3n 50% poliester)<br \/>\n&#8211; Se entrega en surtido de colores seg\u00fan disponibilidad entre negro, celeste, azul marino, gris topo y gris melange<\/p>\n<p>Presentaci\u00f3n ideal para obsequiar en su packaging x3.<\/p>\n<p>Venta directa de fabrica<br \/>\nTuBoxer &#8211; Distribuidor Oficial by Eyelit<\/p>\n","protected":false},"excerpt":{"rendered":"<p><strong>Regalable:<\/strong> vppfull<br \/><strong>Edad:<\/strong> Adultos<br \/><strong>Marca:<\/strong> Eyelit<br \/><strong>Composici\u00f3n:<\/strong> Algod\u00f3n<br \/><strong>G\u00e9nero filtrables:<\/strong> Hombre<\/p>\n","protected":false},"featured_media":17256,"template":"","meta":{"_uag_custom_page_level_css":"","iawp_total_views":1},"product_brand":[],"product_cat":[53],"product_tag":[],"class_list":{"0":"post-107028","1":"product","2":"type-product","3":"status-publish","4":"has-post-thumbnail","6":"product_cat-boxers-y-slips","8":"first","9":"instock","10":"taxable","11":"shipping-taxable","12":"purchasable","13":"product-type-variable"},"uagb_featured_image_src":{"full":["https:\/\/tuboxer.com\/tienda\/wp-content\/uploads\/2026\/01\/D_875909-MLA93105560007_092025-O-11.jpg",500,458,false],"thumbnail":["https:\/\/tuboxer.com\/tienda\/wp-content\/uploads\/2026\/01\/D_875909-MLA93105560007_092025-O-11-150x150.jpg",150,150,true],"medium":["https:\/\/tuboxer.com\/tienda\/wp-content\/uploads\/2026\/01\/D_875909-MLA93105560007_092025-O-11-300x275.jpg",300,275,true],"medium_large":["https:\/\/tuboxer.com\/tienda\/wp-content\/uploads\/2026\/01\/D_875909-MLA93105560007_092025-O-11.jpg",500,458,false],"large":["https:\/\/tuboxer.com\/tienda\/wp-content\/uploads\/2026\/01\/D_875909-MLA93105560007_092025-O-11.jpg",500,458,false],"1536x1536":["https:\/\/tuboxer.com\/tienda\/wp-content\/uploads\/2026\/01\/D_875909-MLA93105560007_092025-O-11.jpg",500,458,false],"2048x2048":["https:\/\/tuboxer.com\/tienda\/wp-content\/uploads\/2026\/01\/D_875909-MLA93105560007_092025-O-11.jpg",500,458,false],"woocommerce_thumbnail":["https:\/\/tuboxer.com\/tienda\/wp-content\/uploads\/2026\/01\/D_875909-MLA93105560007_092025-O-11-300x300.jpg",300,300,true],"woocommerce_single":["https:\/\/tuboxer.com\/tienda\/wp-content\/uploads\/2026\/01\/D_875909-MLA93105560007_092025-O-11.jpg",500,458,false],"woocommerce_gallery_thumbnail":["https:\/\/tuboxer.com\/tienda\/wp-content\/uploads\/2026\/01\/D_875909-MLA93105560007_092025-O-11-100x100.jpg",100,100,true]},"uagb_author_info":{"display_name":"Ayack","author_link":"https:\/\/tuboxer.com\/tienda\/author\/"},"uagb_comment_info":0,"uagb_excerpt":"Regalable: vppfullEdad: AdultosMarca: EyelitComposici\u00f3n: Algod\u00f3nG\u00e9nero filtrables: Hombre","_links":{"self":[{"href":"https:\/\/tuboxer.com\/tienda\/wp-json\/wp\/v2\/product\/107028","targetHints":{"allow":["GET"]}}],"collection":[{"href":"https:\/\/tuboxer.com\/tienda\/wp-json\/wp\/v2\/product"}],"about":[{"href":"https:\/\/tuboxer.com\/tienda\/wp-json\/wp\/v2\/types\/product"}],"version-history":[{"count":0,"href":"https:\/\/tuboxer.com\/tienda\/wp-json\/wp\/v2\/product\/107028\/revisions"}],"wp:featuredmedia":[{"embeddable":true,"href":"https:\/\/tuboxer.com\/tienda\/wp-json\/wp\/v2\/media\/17256"}],"wp:attachment":[{"href":"https:\/\/tuboxer.com\/tienda\/wp-json\/wp\/v2\/media?parent=107028"}],"wp:term":[{"taxonomy":"product_brand","embeddable":true,"href":"https:\/\/tuboxer.com\/tienda\/wp-json\/wp\/v2\/product_brand?post=107028"},{"taxonomy":"product_cat","embeddable":true,"href":"https:\/\/tuboxer.com\/tienda\/wp-json\/wp\/v2\/product_cat?post=107028"},{"taxonomy":"product_tag","embeddable":true,"href":"https:\/\/tuboxer.com\/tienda\/wp-json\/wp\/v2\/product_tag?post=107028"}],"curies":[{"name":"wp","href":"https:\/\/api.w.org\/{rel}","templated":true}]}}