{"id":107029,"date":"2026-02-09T05:29:16","date_gmt":"2026-02-09T08:29:16","guid":{"rendered":"https:\/\/tuboxer.com\/tienda\/product\/slip-hombre-algodon-confortable-super-comodos-315\/"},"modified":"2026-03-14T10:32:30","modified_gmt":"2026-03-14T13:32:30","slug":"slip-hombre-algodon-confortable-super-comodos-315","status":"publish","type":"product","link":"https:\/\/tuboxer.com\/tienda\/product\/slip-hombre-algodon-confortable-super-comodos-315\/","title":{"rendered":"Slip Hombre Algod\u00f3n Confortable Super Comodos 315"},"content":{"rendered":"<p>Slip liso de ribb de algodon con elastico embutido, refuerzo interno en toalla.<\/p>\n<p>Las Im\u00e1genes en la presente publicaci\u00f3n son a modo ilustrativo y corresponde s\u00f3lo al c\u00f3digo del art\u00edculo detallado en la descripci\u00f3n.<\/p>\n","protected":false},"excerpt":{"rendered":"<p><strong>Regalable:<\/strong> vppfull<br \/><strong>Edad:<\/strong> Adultos<br \/><strong>Marca:<\/strong> Eyelit<br \/><strong>Composici\u00f3n:<\/strong> Algod\u00f3n<br \/><strong>G\u00e9nero:<\/strong> Hombre<\/p>\n","protected":false},"featured_media":17325,"template":"","meta":{"_uag_custom_page_level_css":"","iawp_total_views":0},"product_brand":[],"product_cat":[53],"product_tag":[],"class_list":{"0":"post-107029","1":"product","2":"type-product","3":"status-publish","4":"has-post-thumbnail","6":"product_cat-boxers-y-slips","8":"first","9":"instock","10":"taxable","11":"shipping-taxable","12":"purchasable","13":"product-type-variable"},"uagb_featured_image_src":{"full":["https:\/\/tuboxer.com\/tienda\/wp-content\/uploads\/2026\/01\/D_741646-MLA102641481692_122025-O-5.jpg",400,500,false],"thumbnail":["https:\/\/tuboxer.com\/tienda\/wp-content\/uploads\/2026\/01\/D_741646-MLA102641481692_122025-O-5-150x150.jpg",150,150,true],"medium":["https:\/\/tuboxer.com\/tienda\/wp-content\/uploads\/2026\/01\/D_741646-MLA102641481692_122025-O-5-240x300.jpg",240,300,true],"medium_large":["https:\/\/tuboxer.com\/tienda\/wp-content\/uploads\/2026\/01\/D_741646-MLA102641481692_122025-O-5.jpg",400,500,false],"large":["https:\/\/tuboxer.com\/tienda\/wp-content\/uploads\/2026\/01\/D_741646-MLA102641481692_122025-O-5.jpg",400,500,false],"1536x1536":["https:\/\/tuboxer.com\/tienda\/wp-content\/uploads\/2026\/01\/D_741646-MLA102641481692_122025-O-5.jpg",400,500,false],"2048x2048":["https:\/\/tuboxer.com\/tienda\/wp-content\/uploads\/2026\/01\/D_741646-MLA102641481692_122025-O-5.jpg",400,500,false],"woocommerce_thumbnail":["https:\/\/tuboxer.com\/tienda\/wp-content\/uploads\/2026\/01\/D_741646-MLA102641481692_122025-O-5-300x300.jpg",300,300,true],"woocommerce_single":["https:\/\/tuboxer.com\/tienda\/wp-content\/uploads\/2026\/01\/D_741646-MLA102641481692_122025-O-5.jpg",400,500,false],"woocommerce_gallery_thumbnail":["https:\/\/tuboxer.com\/tienda\/wp-content\/uploads\/2026\/01\/D_741646-MLA102641481692_122025-O-5-100x100.jpg",100,100,true]},"uagb_author_info":{"display_name":"","author_link":"https:\/\/tuboxer.com\/tienda\/author\/"},"uagb_comment_info":0,"uagb_excerpt":"Regalable: vppfullEdad: AdultosMarca: EyelitComposici\u00f3n: Algod\u00f3nG\u00e9nero: Hombre","_links":{"self":[{"href":"https:\/\/tuboxer.com\/tienda\/wp-json\/wp\/v2\/product\/107029","targetHints":{"allow":["GET"]}}],"collection":[{"href":"https:\/\/tuboxer.com\/tienda\/wp-json\/wp\/v2\/product"}],"about":[{"href":"https:\/\/tuboxer.com\/tienda\/wp-json\/wp\/v2\/types\/product"}],"version-history":[{"count":0,"href":"https:\/\/tuboxer.com\/tienda\/wp-json\/wp\/v2\/product\/107029\/revisions"}],"wp:featuredmedia":[{"embeddable":true,"href":"https:\/\/tuboxer.com\/tienda\/wp-json\/wp\/v2\/media\/17325"}],"wp:attachment":[{"href":"https:\/\/tuboxer.com\/tienda\/wp-json\/wp\/v2\/media?parent=107029"}],"wp:term":[{"taxonomy":"product_brand","embeddable":true,"href":"https:\/\/tuboxer.com\/tienda\/wp-json\/wp\/v2\/product_brand?post=107029"},{"taxonomy":"product_cat","embeddable":true,"href":"https:\/\/tuboxer.com\/tienda\/wp-json\/wp\/v2\/product_cat?post=107029"},{"taxonomy":"product_tag","embeddable":true,"href":"https:\/\/tuboxer.com\/tienda\/wp-json\/wp\/v2\/product_tag?post=107029"}],"curies":[{"name":"wp","href":"https:\/\/api.w.org\/{rel}","templated":true}]}}