{"id":107077,"date":"2026-02-09T05:29:17","date_gmt":"2026-02-09T08:29:17","guid":{"rendered":"https:\/\/tuboxer.com\/tienda\/product\/pijama-hombre-algodon-cuello-v-eyelit-1953-verano\/"},"modified":"2026-03-14T10:32:30","modified_gmt":"2026-03-14T13:32:30","slug":"pijama-hombre-algodon-cuello-v-eyelit-1953-verano","status":"publish","type":"product","link":"https:\/\/tuboxer.com\/tienda\/product\/pijama-hombre-algodon-cuello-v-eyelit-1953-verano\/","title":{"rendered":"Pijama Hombre Algod\u00f3n Cuello V Eyelit 1953 Verano"},"content":{"rendered":"<p>Pijama Hombre Verano Eyelit Art 1953<\/p>\n<p>Caracter\u00edsticas:<br \/>\nPijama de hombre, pantal\u00f3n corto con bolsillo y cord\u00f3n, remera manga corta escote en V , confeccionado en algod\u00f3n.<\/p>\n<p>Tejido suave e hipoalerg\u00e9nico. Prenda suelta y c\u00f3moda.<\/p>\n<p>Talles: S- M -L &#8211; XL &#8211; XXL &#8211; 3XL &#8211; 4XL<\/p>\n<p>Colores : Negro &#8211; Azul &#8211; Gris<\/p>\n","protected":false},"excerpt":{"rendered":"<p><strong>Marca:<\/strong> Eyelit<br \/><strong>Modelo:<\/strong> 1953P0A<br \/><strong>Edad:<\/strong> Adultos<br \/><strong>Personaje:<\/strong> Pijama<br \/><strong>Composici\u00f3n:<\/strong> Algod\u00f3n<\/p>\n","protected":false},"featured_media":65174,"template":"","meta":{"_uag_custom_page_level_css":"","iawp_total_views":0},"product_brand":[],"product_cat":[58],"product_tag":[],"class_list":{"0":"post-107077","1":"product","2":"type-product","3":"status-publish","4":"has-post-thumbnail","6":"product_cat-pijamas","8":"first","9":"instock","10":"taxable","11":"shipping-taxable","12":"purchasable","13":"product-type-variable"},"uagb_featured_image_src":{"full":["https:\/\/tuboxer.com\/tienda\/wp-content\/uploads\/2026\/02\/D_968862-MLA105682854534_012026-O.jpg",389,500,false],"thumbnail":["https:\/\/tuboxer.com\/tienda\/wp-content\/uploads\/2026\/02\/D_968862-MLA105682854534_012026-O-150x150.jpg",150,150,true],"medium":["https:\/\/tuboxer.com\/tienda\/wp-content\/uploads\/2026\/02\/D_968862-MLA105682854534_012026-O-233x300.jpg",233,300,true],"medium_large":["https:\/\/tuboxer.com\/tienda\/wp-content\/uploads\/2026\/02\/D_968862-MLA105682854534_012026-O.jpg",389,500,false],"large":["https:\/\/tuboxer.com\/tienda\/wp-content\/uploads\/2026\/02\/D_968862-MLA105682854534_012026-O.jpg",389,500,false],"1536x1536":["https:\/\/tuboxer.com\/tienda\/wp-content\/uploads\/2026\/02\/D_968862-MLA105682854534_012026-O.jpg",389,500,false],"2048x2048":["https:\/\/tuboxer.com\/tienda\/wp-content\/uploads\/2026\/02\/D_968862-MLA105682854534_012026-O.jpg",389,500,false],"woocommerce_thumbnail":["https:\/\/tuboxer.com\/tienda\/wp-content\/uploads\/2026\/02\/D_968862-MLA105682854534_012026-O-300x300.jpg",300,300,true],"woocommerce_single":["https:\/\/tuboxer.com\/tienda\/wp-content\/uploads\/2026\/02\/D_968862-MLA105682854534_012026-O.jpg",389,500,false],"woocommerce_gallery_thumbnail":["https:\/\/tuboxer.com\/tienda\/wp-content\/uploads\/2026\/02\/D_968862-MLA105682854534_012026-O-100x100.jpg",100,100,true]},"uagb_author_info":{"display_name":"","author_link":"https:\/\/tuboxer.com\/tienda\/author\/"},"uagb_comment_info":0,"uagb_excerpt":"Marca: EyelitModelo: 1953P0AEdad: AdultosPersonaje: PijamaComposici\u00f3n: Algod\u00f3n","_links":{"self":[{"href":"https:\/\/tuboxer.com\/tienda\/wp-json\/wp\/v2\/product\/107077","targetHints":{"allow":["GET"]}}],"collection":[{"href":"https:\/\/tuboxer.com\/tienda\/wp-json\/wp\/v2\/product"}],"about":[{"href":"https:\/\/tuboxer.com\/tienda\/wp-json\/wp\/v2\/types\/product"}],"version-history":[{"count":2,"href":"https:\/\/tuboxer.com\/tienda\/wp-json\/wp\/v2\/product\/107077\/revisions"}],"predecessor-version":[{"id":927447,"href":"https:\/\/tuboxer.com\/tienda\/wp-json\/wp\/v2\/product\/107077\/revisions\/927447"}],"wp:featuredmedia":[{"embeddable":true,"href":"https:\/\/tuboxer.com\/tienda\/wp-json\/wp\/v2\/media\/65174"}],"wp:attachment":[{"href":"https:\/\/tuboxer.com\/tienda\/wp-json\/wp\/v2\/media?parent=107077"}],"wp:term":[{"taxonomy":"product_brand","embeddable":true,"href":"https:\/\/tuboxer.com\/tienda\/wp-json\/wp\/v2\/product_brand?post=107077"},{"taxonomy":"product_cat","embeddable":true,"href":"https:\/\/tuboxer.com\/tienda\/wp-json\/wp\/v2\/product_cat?post=107077"},{"taxonomy":"product_tag","embeddable":true,"href":"https:\/\/tuboxer.com\/tienda\/wp-json\/wp\/v2\/product_tag?post=107077"}],"curies":[{"name":"wp","href":"https:\/\/api.w.org\/{rel}","templated":true}]}}