{"id":107134,"date":"2026-02-09T05:29:19","date_gmt":"2026-02-09T08:29:19","guid":{"rendered":"https:\/\/tuboxer.com\/tienda\/product\/boxer-hombre-liso-algodon-elastano-comodidad-100-eyelit-641\/"},"modified":"2026-03-14T10:32:29","modified_gmt":"2026-03-14T13:32:29","slug":"boxer-hombre-liso-algodon-elastano-comodidad-100-eyelit-641","status":"publish","type":"product","link":"https:\/\/tuboxer.com\/tienda\/product\/boxer-hombre-liso-algodon-elastano-comodidad-100-eyelit-641\/","title":{"rendered":"Boxer Hombre Liso Algodon Elastano Comodidad 100% Eyelit 641"},"content":{"rendered":"<p>Boxer Eyelit Articulo 641<br \/>\n95% Algod\u00f3n, 5% Elastano<\/p>\n<p>Talle 3=M<br \/>\nTalle 4=L<br \/>\nTalle 5=XL<br \/>\nTalle 6=XXL<\/p>\n<p>Venta directa de fabrica<br \/>\nTuBoxer &#8211; Distribuidor Oficial by Eyelit<\/p>\n","protected":false},"excerpt":{"rendered":"<p><strong>Regalable:<\/strong> vppfull<br \/><strong>Edad:<\/strong> Adultos<br \/><strong>Marca:<\/strong> Eyelit<br \/><strong>Composici\u00f3n:<\/strong> Algod\u00f3n,Elastano<br \/><strong>G\u00e9nero filtrables:<\/strong> Hombre<\/p>\n","protected":false},"featured_media":17500,"template":"","meta":{"_uag_custom_page_level_css":"","iawp_total_views":1},"product_brand":[],"product_cat":[53],"product_tag":[],"class_list":{"0":"post-107134","1":"product","2":"type-product","3":"status-publish","4":"has-post-thumbnail","6":"product_cat-boxers-y-slips","8":"first","9":"instock","10":"taxable","11":"shipping-taxable","12":"purchasable","13":"product-type-variable"},"uagb_featured_image_src":{"full":["https:\/\/tuboxer.com\/tienda\/wp-content\/uploads\/2026\/01\/D_840685-MLA94373507611_102025-O-5.jpg",333,500,false],"thumbnail":["https:\/\/tuboxer.com\/tienda\/wp-content\/uploads\/2026\/01\/D_840685-MLA94373507611_102025-O-5-150x150.jpg",150,150,true],"medium":["https:\/\/tuboxer.com\/tienda\/wp-content\/uploads\/2026\/01\/D_840685-MLA94373507611_102025-O-5-200x300.jpg",200,300,true],"medium_large":["https:\/\/tuboxer.com\/tienda\/wp-content\/uploads\/2026\/01\/D_840685-MLA94373507611_102025-O-5.jpg",333,500,false],"large":["https:\/\/tuboxer.com\/tienda\/wp-content\/uploads\/2026\/01\/D_840685-MLA94373507611_102025-O-5.jpg",333,500,false],"1536x1536":["https:\/\/tuboxer.com\/tienda\/wp-content\/uploads\/2026\/01\/D_840685-MLA94373507611_102025-O-5.jpg",333,500,false],"2048x2048":["https:\/\/tuboxer.com\/tienda\/wp-content\/uploads\/2026\/01\/D_840685-MLA94373507611_102025-O-5.jpg",333,500,false],"woocommerce_thumbnail":["https:\/\/tuboxer.com\/tienda\/wp-content\/uploads\/2026\/01\/D_840685-MLA94373507611_102025-O-5-300x300.jpg",300,300,true],"woocommerce_single":["https:\/\/tuboxer.com\/tienda\/wp-content\/uploads\/2026\/01\/D_840685-MLA94373507611_102025-O-5.jpg",333,500,false],"woocommerce_gallery_thumbnail":["https:\/\/tuboxer.com\/tienda\/wp-content\/uploads\/2026\/01\/D_840685-MLA94373507611_102025-O-5-100x100.jpg",100,100,true]},"uagb_author_info":{"display_name":"","author_link":"https:\/\/tuboxer.com\/tienda\/author\/"},"uagb_comment_info":0,"uagb_excerpt":"Regalable: vppfullEdad: AdultosMarca: EyelitComposici\u00f3n: Algod\u00f3n,ElastanoG\u00e9nero filtrables: Hombre","_links":{"self":[{"href":"https:\/\/tuboxer.com\/tienda\/wp-json\/wp\/v2\/product\/107134","targetHints":{"allow":["GET"]}}],"collection":[{"href":"https:\/\/tuboxer.com\/tienda\/wp-json\/wp\/v2\/product"}],"about":[{"href":"https:\/\/tuboxer.com\/tienda\/wp-json\/wp\/v2\/types\/product"}],"version-history":[{"count":0,"href":"https:\/\/tuboxer.com\/tienda\/wp-json\/wp\/v2\/product\/107134\/revisions"}],"wp:featuredmedia":[{"embeddable":true,"href":"https:\/\/tuboxer.com\/tienda\/wp-json\/wp\/v2\/media\/17500"}],"wp:attachment":[{"href":"https:\/\/tuboxer.com\/tienda\/wp-json\/wp\/v2\/media?parent=107134"}],"wp:term":[{"taxonomy":"product_brand","embeddable":true,"href":"https:\/\/tuboxer.com\/tienda\/wp-json\/wp\/v2\/product_brand?post=107134"},{"taxonomy":"product_cat","embeddable":true,"href":"https:\/\/tuboxer.com\/tienda\/wp-json\/wp\/v2\/product_cat?post=107134"},{"taxonomy":"product_tag","embeddable":true,"href":"https:\/\/tuboxer.com\/tienda\/wp-json\/wp\/v2\/product_tag?post=107134"}],"curies":[{"name":"wp","href":"https:\/\/api.w.org\/{rel}","templated":true}]}}