{"id":107170,"date":"2026-02-09T05:29:20","date_gmt":"2026-02-09T08:29:20","guid":{"rendered":"https:\/\/tuboxer.com\/tienda\/product\/pantalon-pijama-de-hombre-ideal-para-uso-diario-1850\/"},"modified":"2026-03-14T10:32:30","modified_gmt":"2026-03-14T13:32:30","slug":"pantalon-pijama-de-hombre-ideal-para-uso-diario-1850","status":"publish","type":"product","link":"https:\/\/tuboxer.com\/tienda\/product\/pantalon-pijama-de-hombre-ideal-para-uso-diario-1850\/","title":{"rendered":"Pantal\u00f3n Pijama De Hombre,  Ideal Para Uso Diario 1850"},"content":{"rendered":"<p>Pantal\u00f3n corto pijama.<br \/>\nPantal\u00f3n con bolsillo y cord\u00f3n en cintura. Tejido suave e hipoalerg\u00e9nico. Prenda suelta y c\u00f3moda.<\/p>\n<p>Los colores melange contienen un % de poli\u00e9ster.<\/p>\n","protected":false},"excerpt":{"rendered":"<p><strong>Marca:<\/strong> Eyelit<br \/><strong>Modelo:<\/strong> 1850P0A<br \/><strong>Edad:<\/strong> Adultos<br \/><strong>Personaje:<\/strong> Pijama c\u00f3modo para uso diario<br \/><strong>G\u00e9nero filtrables:<\/strong> Hombre<\/p>\n","protected":false},"featured_media":65306,"template":"","meta":{"_uag_custom_page_level_css":"","iawp_total_views":2},"product_brand":[],"product_cat":[58],"product_tag":[],"class_list":{"0":"post-107170","1":"product","2":"type-product","3":"status-publish","4":"has-post-thumbnail","6":"product_cat-pijamas","8":"first","9":"instock","10":"taxable","11":"shipping-taxable","12":"purchasable","13":"product-type-variable"},"uagb_featured_image_src":{"full":["https:\/\/tuboxer.com\/tienda\/wp-content\/uploads\/2026\/02\/D_600231-MLA105803259470_022026-O.jpg",389,500,false],"thumbnail":["https:\/\/tuboxer.com\/tienda\/wp-content\/uploads\/2026\/02\/D_600231-MLA105803259470_022026-O-150x150.jpg",150,150,true],"medium":["https:\/\/tuboxer.com\/tienda\/wp-content\/uploads\/2026\/02\/D_600231-MLA105803259470_022026-O-233x300.jpg",233,300,true],"medium_large":["https:\/\/tuboxer.com\/tienda\/wp-content\/uploads\/2026\/02\/D_600231-MLA105803259470_022026-O.jpg",389,500,false],"large":["https:\/\/tuboxer.com\/tienda\/wp-content\/uploads\/2026\/02\/D_600231-MLA105803259470_022026-O.jpg",389,500,false],"1536x1536":["https:\/\/tuboxer.com\/tienda\/wp-content\/uploads\/2026\/02\/D_600231-MLA105803259470_022026-O.jpg",389,500,false],"2048x2048":["https:\/\/tuboxer.com\/tienda\/wp-content\/uploads\/2026\/02\/D_600231-MLA105803259470_022026-O.jpg",389,500,false],"woocommerce_thumbnail":["https:\/\/tuboxer.com\/tienda\/wp-content\/uploads\/2026\/02\/D_600231-MLA105803259470_022026-O-300x300.jpg",300,300,true],"woocommerce_single":["https:\/\/tuboxer.com\/tienda\/wp-content\/uploads\/2026\/02\/D_600231-MLA105803259470_022026-O.jpg",389,500,false],"woocommerce_gallery_thumbnail":["https:\/\/tuboxer.com\/tienda\/wp-content\/uploads\/2026\/02\/D_600231-MLA105803259470_022026-O-100x100.jpg",100,100,true]},"uagb_author_info":{"display_name":"","author_link":"https:\/\/tuboxer.com\/tienda\/author\/"},"uagb_comment_info":0,"uagb_excerpt":"Marca: EyelitModelo: 1850P0AEdad: AdultosPersonaje: Pijama c\u00f3modo para uso diarioG\u00e9nero filtrables: Hombre","_links":{"self":[{"href":"https:\/\/tuboxer.com\/tienda\/wp-json\/wp\/v2\/product\/107170","targetHints":{"allow":["GET"]}}],"collection":[{"href":"https:\/\/tuboxer.com\/tienda\/wp-json\/wp\/v2\/product"}],"about":[{"href":"https:\/\/tuboxer.com\/tienda\/wp-json\/wp\/v2\/types\/product"}],"version-history":[{"count":2,"href":"https:\/\/tuboxer.com\/tienda\/wp-json\/wp\/v2\/product\/107170\/revisions"}],"predecessor-version":[{"id":927408,"href":"https:\/\/tuboxer.com\/tienda\/wp-json\/wp\/v2\/product\/107170\/revisions\/927408"}],"wp:featuredmedia":[{"embeddable":true,"href":"https:\/\/tuboxer.com\/tienda\/wp-json\/wp\/v2\/media\/65306"}],"wp:attachment":[{"href":"https:\/\/tuboxer.com\/tienda\/wp-json\/wp\/v2\/media?parent=107170"}],"wp:term":[{"taxonomy":"product_brand","embeddable":true,"href":"https:\/\/tuboxer.com\/tienda\/wp-json\/wp\/v2\/product_brand?post=107170"},{"taxonomy":"product_cat","embeddable":true,"href":"https:\/\/tuboxer.com\/tienda\/wp-json\/wp\/v2\/product_cat?post=107170"},{"taxonomy":"product_tag","embeddable":true,"href":"https:\/\/tuboxer.com\/tienda\/wp-json\/wp\/v2\/product_tag?post=107170"}],"curies":[{"name":"wp","href":"https:\/\/api.w.org\/{rel}","templated":true}]}}