{"id":107249,"date":"2026-02-09T05:29:23","date_gmt":"2026-02-09T08:29:23","guid":{"rendered":"https:\/\/tuboxer.com\/tienda\/product\/boxer-poplin-100-algodon-eyelit-639-calce-suelto-bragueta\/"},"modified":"2026-03-14T10:32:30","modified_gmt":"2026-03-14T13:32:30","slug":"boxer-poplin-100-algodon-eyelit-639-calce-suelto-bragueta","status":"publish","type":"product","link":"https:\/\/tuboxer.com\/tienda\/product\/boxer-poplin-100-algodon-eyelit-639-calce-suelto-bragueta\/","title":{"rendered":"Boxer Poplin 100% Algodon Eyelit 639 Calce Suelto Bragueta"},"content":{"rendered":"<p>Boxer Eyelit 639 Poplin 100% Algodon Calce Suelto Bragueta<\/p>\n<p>B\u00f3xer poplin hilo.<br \/>\nB\u00f3xer de algod\u00f3n. De calce suelto y relajado, posee apertura en bragueta.<\/p>\n","protected":false},"excerpt":{"rendered":"<p><strong>Regalable:<\/strong> vppfull<br \/><strong>Edad:<\/strong> Adultos<br \/><strong>Marca:<\/strong> Eyelit<br \/><strong>Composici\u00f3n:<\/strong> 100% algod\u00f3n<br \/><strong>G\u00e9nero:<\/strong> Hombre<\/p>\n","protected":false},"featured_media":65321,"template":"","meta":{"_uag_custom_page_level_css":"","iawp_total_views":0},"product_brand":[],"product_cat":[53],"product_tag":[],"class_list":{"0":"post-107249","1":"product","2":"type-product","3":"status-publish","4":"has-post-thumbnail","6":"product_cat-boxers-y-slips","8":"first","9":"instock","10":"taxable","11":"shipping-taxable","12":"purchasable","13":"product-type-variable"},"uagb_featured_image_src":{"full":["https:\/\/tuboxer.com\/tienda\/wp-content\/uploads\/2026\/02\/D_949326-MLA106318420841_012026-O.jpg",400,500,false],"thumbnail":["https:\/\/tuboxer.com\/tienda\/wp-content\/uploads\/2026\/02\/D_949326-MLA106318420841_012026-O-150x150.jpg",150,150,true],"medium":["https:\/\/tuboxer.com\/tienda\/wp-content\/uploads\/2026\/02\/D_949326-MLA106318420841_012026-O-240x300.jpg",240,300,true],"medium_large":["https:\/\/tuboxer.com\/tienda\/wp-content\/uploads\/2026\/02\/D_949326-MLA106318420841_012026-O.jpg",400,500,false],"large":["https:\/\/tuboxer.com\/tienda\/wp-content\/uploads\/2026\/02\/D_949326-MLA106318420841_012026-O.jpg",400,500,false],"1536x1536":["https:\/\/tuboxer.com\/tienda\/wp-content\/uploads\/2026\/02\/D_949326-MLA106318420841_012026-O.jpg",400,500,false],"2048x2048":["https:\/\/tuboxer.com\/tienda\/wp-content\/uploads\/2026\/02\/D_949326-MLA106318420841_012026-O.jpg",400,500,false],"woocommerce_thumbnail":["https:\/\/tuboxer.com\/tienda\/wp-content\/uploads\/2026\/02\/D_949326-MLA106318420841_012026-O-300x300.jpg",300,300,true],"woocommerce_single":["https:\/\/tuboxer.com\/tienda\/wp-content\/uploads\/2026\/02\/D_949326-MLA106318420841_012026-O.jpg",400,500,false],"woocommerce_gallery_thumbnail":["https:\/\/tuboxer.com\/tienda\/wp-content\/uploads\/2026\/02\/D_949326-MLA106318420841_012026-O-100x100.jpg",100,100,true]},"uagb_author_info":{"display_name":"","author_link":"https:\/\/tuboxer.com\/tienda\/author\/"},"uagb_comment_info":0,"uagb_excerpt":"Regalable: vppfullEdad: AdultosMarca: EyelitComposici\u00f3n: 100% algod\u00f3nG\u00e9nero: Hombre","_links":{"self":[{"href":"https:\/\/tuboxer.com\/tienda\/wp-json\/wp\/v2\/product\/107249","targetHints":{"allow":["GET"]}}],"collection":[{"href":"https:\/\/tuboxer.com\/tienda\/wp-json\/wp\/v2\/product"}],"about":[{"href":"https:\/\/tuboxer.com\/tienda\/wp-json\/wp\/v2\/types\/product"}],"version-history":[{"count":0,"href":"https:\/\/tuboxer.com\/tienda\/wp-json\/wp\/v2\/product\/107249\/revisions"}],"wp:featuredmedia":[{"embeddable":true,"href":"https:\/\/tuboxer.com\/tienda\/wp-json\/wp\/v2\/media\/65321"}],"wp:attachment":[{"href":"https:\/\/tuboxer.com\/tienda\/wp-json\/wp\/v2\/media?parent=107249"}],"wp:term":[{"taxonomy":"product_brand","embeddable":true,"href":"https:\/\/tuboxer.com\/tienda\/wp-json\/wp\/v2\/product_brand?post=107249"},{"taxonomy":"product_cat","embeddable":true,"href":"https:\/\/tuboxer.com\/tienda\/wp-json\/wp\/v2\/product_cat?post=107249"},{"taxonomy":"product_tag","embeddable":true,"href":"https:\/\/tuboxer.com\/tienda\/wp-json\/wp\/v2\/product_tag?post=107249"}],"curies":[{"name":"wp","href":"https:\/\/api.w.org\/{rel}","templated":true}]}}